{"id":26,"date":"2014-06-25T12:45:37","date_gmt":"2014-06-25T12:45:37","guid":{"rendered":"http:\/\/blandinegalyluthier.wordpress.com\/?page_id=26"},"modified":"2024-02-19T15:07:24","modified_gmt":"2024-02-19T15:07:24","slug":"tienda-de-violin","status":"publish","type":"page","link":"https:\/\/blandinegaly.com\/?page_id=26","title":{"rendered":"Violines"},"content":{"rendered":"<h1>Tienda de violines Barcelona<\/h1>\n<p>Somos una tienda y taller de fabricaci\u00f3n de viol\u00edn violonchelo y viola. Vendemos todos los accesorios relacionados con los instrumentos viol\u00edn viola violonchelo.<\/p>\n<p>Ofrecemos un servicio orientado al cliente; buscamos su inter\u00e9s sobre todo, y tomamos el tiempo necesario para ello.<\/p>\n<p>Realizamos restauraciones y reparaciones complejas de violonchelo, viol\u00edn y viola.<\/p>\n<p>Fabricamos violines por encargo.<\/p>\n<p>Se indican a continuaci\u00f3n violines en venta, disponibles en mi taller.<\/p>\n<p>Se realizan env\u00edos de viol\u00edn montados con una caja para env\u00edo seguro de violines montados, listos para tocar.<\/p>\n<h2>Gama de violines \u00abSagrada Familia\u00bb para principiantes<\/h2>\n<p><a href=\"https:\/\/blandinegaly.com\/wp-content\/uploads\/2024\/02\/GamadeViolinesSagradaFamilia.jpg\"><img loading=\"lazy\" decoding=\"async\" class=\"alignnone size-full wp-image-1847\" src=\"https:\/\/blandinegaly.com\/wp-content\/uploads\/2024\/02\/GamadeViolinesSagradaFamilia.jpg\" alt=\"\" width=\"1280\" height=\"720\" srcset=\"https:\/\/blandinegaly.com\/wp-content\/uploads\/2024\/02\/GamadeViolinesSagradaFamilia.jpg 1280w, https:\/\/blandinegaly.com\/wp-content\/uploads\/2024\/02\/GamadeViolinesSagradaFamilia-300x169.jpg 300w, https:\/\/blandinegaly.com\/wp-content\/uploads\/2024\/02\/GamadeViolinesSagradaFamilia-1024x576.jpg 1024w, https:\/\/blandinegaly.com\/wp-content\/uploads\/2024\/02\/GamadeViolinesSagradaFamilia-768x432.jpg 768w\" sizes=\"auto, (max-width: 1280px) 100vw, 1280px\" \/><\/a><\/p>\n<h2>Viol\u00edn nivel profesional<\/h2>\n<p>En el taller de lutier tenemos una gama de violines antiguos y nuevos para profesionales de la m\u00fasica.<\/p>\n<p>No se indican a continuaci\u00f3n todos los violines disponibles.\u00a0<\/p>\n<p><a href=\"https:\/\/blandinegaly.com\/wp-content\/uploads\/2024\/02\/VendaVioliMermillot.jpg\"><img loading=\"lazy\" decoding=\"async\" class=\"alignnone size-full wp-image-1844\" src=\"https:\/\/blandinegaly.com\/wp-content\/uploads\/2024\/02\/VendaVioliMermillot.jpg\" alt=\"\" width=\"1280\" height=\"720\" srcset=\"https:\/\/blandinegaly.com\/wp-content\/uploads\/2024\/02\/VendaVioliMermillot.jpg 1280w, https:\/\/blandinegaly.com\/wp-content\/uploads\/2024\/02\/VendaVioliMermillot-300x169.jpg 300w, https:\/\/blandinegaly.com\/wp-content\/uploads\/2024\/02\/VendaVioliMermillot-1024x576.jpg 1024w, https:\/\/blandinegaly.com\/wp-content\/uploads\/2024\/02\/VendaVioliMermillot-768x432.jpg 768w\" sizes=\"auto, (max-width: 1280px) 100vw, 1280px\" \/><\/a><\/p>\n<p><a href=\"https:\/\/blandinegaly.com\/wp-content\/uploads\/2024\/02\/VentaViolinEscuelaTestore.jpg\"><img loading=\"lazy\" decoding=\"async\" class=\"alignnone size-full wp-image-1845\" src=\"https:\/\/blandinegaly.com\/wp-content\/uploads\/2024\/02\/VentaViolinEscuelaTestore.jpg\" alt=\"\" width=\"1280\" height=\"720\" srcset=\"https:\/\/blandinegaly.com\/wp-content\/uploads\/2024\/02\/VentaViolinEscuelaTestore.jpg 1280w, https:\/\/blandinegaly.com\/wp-content\/uploads\/2024\/02\/VentaViolinEscuelaTestore-300x169.jpg 300w, https:\/\/blandinegaly.com\/wp-content\/uploads\/2024\/02\/VentaViolinEscuelaTestore-1024x576.jpg 1024w, https:\/\/blandinegaly.com\/wp-content\/uploads\/2024\/02\/VentaViolinEscuelaTestore-768x432.jpg 768w\" sizes=\"auto, (max-width: 1280px) 100vw, 1280px\" \/><\/a><\/p>\n<p><a href=\"https:\/\/blandinegaly.com\/wp-content\/uploads\/2024\/02\/VentaVioliRamonOliveras.jpg\"><img loading=\"lazy\" decoding=\"async\" class=\"alignnone size-full wp-image-1846\" src=\"https:\/\/blandinegaly.com\/wp-content\/uploads\/2024\/02\/VentaVioliRamonOliveras.jpg\" alt=\"\" width=\"1280\" height=\"720\" srcset=\"https:\/\/blandinegaly.com\/wp-content\/uploads\/2024\/02\/VentaVioliRamonOliveras.jpg 1280w, https:\/\/blandinegaly.com\/wp-content\/uploads\/2024\/02\/VentaVioliRamonOliveras-300x169.jpg 300w, https:\/\/blandinegaly.com\/wp-content\/uploads\/2024\/02\/VentaVioliRamonOliveras-1024x576.jpg 1024w, https:\/\/blandinegaly.com\/wp-content\/uploads\/2024\/02\/VentaVioliRamonOliveras-768x432.jpg 768w\" sizes=\"auto, (max-width: 1280px) 100vw, 1280px\" \/><\/a><\/p>\n<h2>Precioso viol\u00edn franc\u00e9s antiguo \u00abViejo Paris\u00bb, escuela Louis Guersan, a\u00f1os 1750<\/h2>\n<p><a href=\"https:\/\/blandinegaly.com\/wp-content\/uploads\/2024\/02\/VentaVioliViejoParis.jpg\"><img loading=\"lazy\" decoding=\"async\" class=\"alignnone size-full wp-image-1848\" src=\"https:\/\/blandinegaly.com\/wp-content\/uploads\/2024\/02\/VentaVioliViejoParis.jpg\" alt=\"\" width=\"1280\" height=\"720\" srcset=\"https:\/\/blandinegaly.com\/wp-content\/uploads\/2024\/02\/VentaVioliViejoParis.jpg 1280w, https:\/\/blandinegaly.com\/wp-content\/uploads\/2024\/02\/VentaVioliViejoParis-300x169.jpg 300w, https:\/\/blandinegaly.com\/wp-content\/uploads\/2024\/02\/VentaVioliViejoParis-1024x576.jpg 1024w, https:\/\/blandinegaly.com\/wp-content\/uploads\/2024\/02\/VentaVioliViejoParis-768x432.jpg 768w\" sizes=\"auto, (max-width: 1280px) 100vw, 1280px\" \/><\/a><\/p>\n<p><a href=\"https:\/\/blandinegaly.com\/wp-content\/uploads\/2021\/12\/violin-Viejo-Paris-1-scaled.jpg\"><img loading=\"lazy\" decoding=\"async\" class=\"size-large wp-image-1372\" src=\"https:\/\/blandinegaly.com\/wp-content\/uploads\/2021\/12\/violin-Viejo-Paris-1-636x1024.jpg\" alt=\"\" width=\"636\" height=\"1024\" srcset=\"https:\/\/blandinegaly.com\/wp-content\/uploads\/2021\/12\/violin-Viejo-Paris-1-636x1024.jpg 636w, https:\/\/blandinegaly.com\/wp-content\/uploads\/2021\/12\/violin-Viejo-Paris-1-186x300.jpg 186w, https:\/\/blandinegaly.com\/wp-content\/uploads\/2021\/12\/violin-Viejo-Paris-1-768x1237.jpg 768w, https:\/\/blandinegaly.com\/wp-content\/uploads\/2021\/12\/violin-Viejo-Paris-1-954x1536.jpg 954w, https:\/\/blandinegaly.com\/wp-content\/uploads\/2021\/12\/violin-Viejo-Paris-1-1272x2048.jpg 1272w, https:\/\/blandinegaly.com\/wp-content\/uploads\/2021\/12\/violin-Viejo-Paris-1-scaled.jpg 1589w\" sizes=\"auto, (max-width: 636px) 100vw, 636px\" \/><\/a><\/p>\n<h2>Viol\u00edn franc\u00e9s F. H. Caussin, 1870<a href=\"https:\/\/blandinegaly.com\/wp-content\/uploads\/2021\/11\/VIOLIN-1-A-REPETIR-\u00bf-001-scaled.jpg\"><img loading=\"lazy\" decoding=\"async\" class=\"alignnone wp-image-1168 size-full\" src=\"https:\/\/blandinegaly.com\/wp-content\/uploads\/2021\/11\/VIOLIN-1-A-REPETIR-\u00bf-001-scaled.jpg\" alt=\"\" width=\"1174\" height=\"2560\" srcset=\"https:\/\/blandinegaly.com\/wp-content\/uploads\/2021\/11\/VIOLIN-1-A-REPETIR-\u00bf-001-scaled.jpg 1174w, https:\/\/blandinegaly.com\/wp-content\/uploads\/2021\/11\/VIOLIN-1-A-REPETIR-\u00bf-001-138x300.jpg 138w, https:\/\/blandinegaly.com\/wp-content\/uploads\/2021\/11\/VIOLIN-1-A-REPETIR-\u00bf-001-470x1024.jpg 470w, https:\/\/blandinegaly.com\/wp-content\/uploads\/2021\/11\/VIOLIN-1-A-REPETIR-\u00bf-001-768x1674.jpg 768w, https:\/\/blandinegaly.com\/wp-content\/uploads\/2021\/11\/VIOLIN-1-A-REPETIR-\u00bf-001-705x1536.jpg 705w, https:\/\/blandinegaly.com\/wp-content\/uploads\/2021\/11\/VIOLIN-1-A-REPETIR-\u00bf-001-939x2048.jpg 939w\" sizes=\"auto, (max-width: 1174px) 100vw, 1174px\" \/><\/a><\/h2>\n<h2>Violin Alem\u00e1n antiguo de manufactura<\/h2>\n<h2>Fabricaci\u00f3n propia modelo Petrus Guarnerius<\/h2>\n<p>Tienda de viol\u00edn de lutier. Nuestros violines hecho a mano tienen una m\u00e1xima calidad; integran maderas de alt\u00edsima calidad y su sonido es potente y equilibrado. Venid a probarlos en el taller.<\/p>\n<p><a href=\"https:\/\/blandinegaly.com\/wp-content\/uploads\/2021\/12\/Blandine-Galy-CP8-1-scaled.jpg\"><img loading=\"lazy\" decoding=\"async\" class=\"alignnone size-large wp-image-1415\" src=\"https:\/\/blandinegaly.com\/wp-content\/uploads\/2021\/12\/Blandine-Galy-CP8-1-674x1024.jpg\" alt=\"\" width=\"674\" height=\"1024\" srcset=\"https:\/\/blandinegaly.com\/wp-content\/uploads\/2021\/12\/Blandine-Galy-CP8-1-674x1024.jpg 674w, https:\/\/blandinegaly.com\/wp-content\/uploads\/2021\/12\/Blandine-Galy-CP8-1-197x300.jpg 197w, https:\/\/blandinegaly.com\/wp-content\/uploads\/2021\/12\/Blandine-Galy-CP8-1-768x1167.jpg 768w, https:\/\/blandinegaly.com\/wp-content\/uploads\/2021\/12\/Blandine-Galy-CP8-1-1011x1536.jpg 1011w, https:\/\/blandinegaly.com\/wp-content\/uploads\/2021\/12\/Blandine-Galy-CP8-1-1348x2048.jpg 1348w, https:\/\/blandinegaly.com\/wp-content\/uploads\/2021\/12\/Blandine-Galy-CP8-1-scaled.jpg 1685w\" sizes=\"auto, (max-width: 674px) 100vw, 674px\" \/><\/a><\/p>\n<h2>Fabricaci\u00f3n propia, modelo Guarnerius del Gesu<\/h2>\n<p>Nuestros violines hecho a mano tienen una m\u00e1xima calidad; integran maderas de alt\u00edsima calidad y su sonido es potente y equilibrado. Merece la pena tener un viol\u00edn de luthier compr\u00e1ndolo directamente al luthier. Disfrutar\u00e1 de un servicio post-venta excelente.<\/p>\n<p><a href=\"https:\/\/blandinegaly.com\/wp-content\/uploads\/2024\/02\/VentacopiaGuarneridelGesu.jpg\"><img loading=\"lazy\" decoding=\"async\" class=\"alignnone size-full wp-image-1849\" src=\"https:\/\/blandinegaly.com\/wp-content\/uploads\/2024\/02\/VentacopiaGuarneridelGesu.jpg\" alt=\"\" width=\"1280\" height=\"720\" srcset=\"https:\/\/blandinegaly.com\/wp-content\/uploads\/2024\/02\/VentacopiaGuarneridelGesu.jpg 1280w, https:\/\/blandinegaly.com\/wp-content\/uploads\/2024\/02\/VentacopiaGuarneridelGesu-300x169.jpg 300w, https:\/\/blandinegaly.com\/wp-content\/uploads\/2024\/02\/VentacopiaGuarneridelGesu-1024x576.jpg 1024w, https:\/\/blandinegaly.com\/wp-content\/uploads\/2024\/02\/VentacopiaGuarneridelGesu-768x432.jpg 768w\" sizes=\"auto, (max-width: 1280px) 100vw, 1280px\" \/><\/a>Existen otros modelos de violines disponibles en el taller. No dud\u00e9is en llamar para pedir mas informaci\u00f3n.<\/p>\n<h2><span style=\"font-family: 'comic sans ms', sans-serif;\">Env\u00edo de viol\u00edn<\/span><\/h2>\n<p>Realizamos <strong>env\u00edo de violines<\/strong> y violas seguros, gracias a un sistema innovador de env\u00edo de violines que hemos desarrollado aqu\u00ed en casa. Esto nos permite enviar instrumentos tanto violines como violas ya preparados por nosotros. As\u00ed cuando recibe el instrumento est\u00e1 listo para que lo afine listo para tocarlo.<\/p>\n\n\n<p><\/p>\n","protected":false},"excerpt":{"rendered":"<p>Tienda de violines Barcelona Somos una tienda y taller de fabricaci\u00f3n de viol\u00edn violonchelo y viola. Vendemos todos los accesorios relacionados con los instrumentos viol\u00edn viola violonchelo. Ofrecemos un servicio orientado al cliente; buscamos su inter\u00e9s sobre todo, y tomamos el tiempo necesario para ello. Realizamos restauraciones y reparaciones complejas de violonchelo, viol\u00edn y viola. &#8230; <\/p>\n<p class=\"moree\"><a class=\"more\" href=\"https:\/\/blandinegaly.com\/?page_id=26\">Read more <i class=\"fa fa-arrow-circle-right\"><\/i><\/a><\/p>\n","protected":false},"author":1,"featured_media":0,"parent":0,"menu_order":0,"comment_status":"closed","ping_status":"open","template":"","meta":{"footnotes":""},"class_list":["post-26","page","type-page","status-publish","hentry"],"yoast_head":"<!-- This site is optimized with the Yoast SEO plugin v27.3 - https:\/\/yoast.com\/product\/yoast-seo-wordpress\/ -->\n<title>Tienda de viol\u00edn | Luthier Galy<\/title>\n<meta name=\"description\" content=\"Tienda de viol\u00edn. Violines de luthier, Barcelona. Reparaciones complejas. Fabricaci\u00f3n por encargo. Violines para estudiantes.\" \/>\n<meta name=\"robots\" content=\"index, follow, max-snippet:-1, max-image-preview:large, max-video-preview:-1\" \/>\n<link rel=\"canonical\" href=\"https:\/\/blandinegaly.com\/?page_id=26\" \/>\n<meta property=\"og:locale\" content=\"es_ES\" \/>\n<meta property=\"og:type\" content=\"article\" \/>\n<meta property=\"og:title\" content=\"Tienda de viol\u00edn | Luthier Galy\" \/>\n<meta property=\"og:description\" content=\"Tienda de viol\u00edn. Violines de luthier, Barcelona. Reparaciones complejas. Fabricaci\u00f3n por encargo. Violines para estudiantes.\" \/>\n<meta property=\"og:url\" content=\"https:\/\/blandinegaly.com\/?page_id=26\" \/>\n<meta property=\"og:site_name\" content=\"Luthier Galy\" \/>\n<meta property=\"article:modified_time\" content=\"2024-02-19T15:07:24+00:00\" \/>\n<meta property=\"og:image\" content=\"https:\/\/blandinegaly.com\/wp-content\/uploads\/2024\/02\/GamadeViolinesSagradaFamilia.jpg\" \/>\n<meta name=\"twitter:card\" content=\"summary_large_image\" \/>\n<meta name=\"twitter:label1\" content=\"Tiempo de lectura\" \/>\n\t<meta name=\"twitter:data1\" content=\"3 minutos\" \/>\n<script type=\"application\/ld+json\" class=\"yoast-schema-graph\">{\"@context\":\"https:\\\/\\\/schema.org\",\"@graph\":[{\"@type\":\"WebPage\",\"@id\":\"https:\\\/\\\/blandinegaly.com\\\/?page_id=26\",\"url\":\"https:\\\/\\\/blandinegaly.com\\\/?page_id=26\",\"name\":\"Tienda de viol\u00edn | Luthier Galy\",\"isPartOf\":{\"@id\":\"https:\\\/\\\/blandinegaly.com\\\/#website\"},\"primaryImageOfPage\":{\"@id\":\"https:\\\/\\\/blandinegaly.com\\\/?page_id=26#primaryimage\"},\"image\":{\"@id\":\"https:\\\/\\\/blandinegaly.com\\\/?page_id=26#primaryimage\"},\"thumbnailUrl\":\"https:\\\/\\\/blandinegaly.com\\\/wp-content\\\/uploads\\\/2024\\\/02\\\/GamadeViolinesSagradaFamilia.jpg\",\"datePublished\":\"2014-06-25T12:45:37+00:00\",\"dateModified\":\"2024-02-19T15:07:24+00:00\",\"description\":\"Tienda de viol\u00edn. Violines de luthier, Barcelona. Reparaciones complejas. Fabricaci\u00f3n por encargo. Violines para estudiantes.\",\"breadcrumb\":{\"@id\":\"https:\\\/\\\/blandinegaly.com\\\/?page_id=26#breadcrumb\"},\"inLanguage\":\"es\",\"potentialAction\":[{\"@type\":\"ReadAction\",\"target\":[\"https:\\\/\\\/blandinegaly.com\\\/?page_id=26\"]}]},{\"@type\":\"ImageObject\",\"inLanguage\":\"es\",\"@id\":\"https:\\\/\\\/blandinegaly.com\\\/?page_id=26#primaryimage\",\"url\":\"https:\\\/\\\/blandinegaly.com\\\/wp-content\\\/uploads\\\/2024\\\/02\\\/GamadeViolinesSagradaFamilia.jpg\",\"contentUrl\":\"https:\\\/\\\/blandinegaly.com\\\/wp-content\\\/uploads\\\/2024\\\/02\\\/GamadeViolinesSagradaFamilia.jpg\"},{\"@type\":\"BreadcrumbList\",\"@id\":\"https:\\\/\\\/blandinegaly.com\\\/?page_id=26#breadcrumb\",\"itemListElement\":[{\"@type\":\"ListItem\",\"position\":1,\"name\":\"Portada\",\"item\":\"https:\\\/\\\/blandinegaly.com\\\/\"},{\"@type\":\"ListItem\",\"position\":2,\"name\":\"Violines\"}]},{\"@type\":\"WebSite\",\"@id\":\"https:\\\/\\\/blandinegaly.com\\\/#website\",\"url\":\"https:\\\/\\\/blandinegaly.com\\\/\",\"name\":\"Luthier Galy\",\"description\":\"Venta, restauraci\u00f3n, fabricaci\u00f3n violin, viola, violonchelo. Encerdadura de arcos.\",\"publisher\":{\"@id\":\"https:\\\/\\\/blandinegaly.com\\\/#organization\"},\"potentialAction\":[{\"@type\":\"SearchAction\",\"target\":{\"@type\":\"EntryPoint\",\"urlTemplate\":\"https:\\\/\\\/blandinegaly.com\\\/?s={search_term_string}\"},\"query-input\":{\"@type\":\"PropertyValueSpecification\",\"valueRequired\":true,\"valueName\":\"search_term_string\"}}],\"inLanguage\":\"es\"},{\"@type\":\"Organization\",\"@id\":\"https:\\\/\\\/blandinegaly.com\\\/#organization\",\"name\":\"Blandine Galy Luthier\",\"url\":\"https:\\\/\\\/blandinegaly.com\\\/\",\"logo\":{\"@type\":\"ImageObject\",\"inLanguage\":\"es\",\"@id\":\"https:\\\/\\\/blandinegaly.com\\\/#\\\/schema\\\/logo\\\/image\\\/\",\"url\":\"https:\\\/\\\/blandinegaly.com\\\/wp-content\\\/uploads\\\/2021\\\/12\\\/Violonchelo-Galy-1-scaled.jpg\",\"contentUrl\":\"https:\\\/\\\/blandinegaly.com\\\/wp-content\\\/uploads\\\/2021\\\/12\\\/Violonchelo-Galy-1-scaled.jpg\",\"width\":1707,\"height\":2560,\"caption\":\"Blandine Galy Luthier\"},\"image\":{\"@id\":\"https:\\\/\\\/blandinegaly.com\\\/#\\\/schema\\\/logo\\\/image\\\/\"}}]}<\/script>\n<!-- \/ Yoast SEO plugin. -->","yoast_head_json":{"title":"Tienda de viol\u00edn | Luthier Galy","description":"Tienda de viol\u00edn. Violines de luthier, Barcelona. Reparaciones complejas. Fabricaci\u00f3n por encargo. Violines para estudiantes.","robots":{"index":"index","follow":"follow","max-snippet":"max-snippet:-1","max-image-preview":"max-image-preview:large","max-video-preview":"max-video-preview:-1"},"canonical":"https:\/\/blandinegaly.com\/?page_id=26","og_locale":"es_ES","og_type":"article","og_title":"Tienda de viol\u00edn | Luthier Galy","og_description":"Tienda de viol\u00edn. Violines de luthier, Barcelona. Reparaciones complejas. Fabricaci\u00f3n por encargo. Violines para estudiantes.","og_url":"https:\/\/blandinegaly.com\/?page_id=26","og_site_name":"Luthier Galy","article_modified_time":"2024-02-19T15:07:24+00:00","og_image":[{"url":"https:\/\/blandinegaly.com\/wp-content\/uploads\/2024\/02\/GamadeViolinesSagradaFamilia.jpg","type":"","width":"","height":""}],"twitter_card":"summary_large_image","twitter_misc":{"Tiempo de lectura":"3 minutos"},"schema":{"@context":"https:\/\/schema.org","@graph":[{"@type":"WebPage","@id":"https:\/\/blandinegaly.com\/?page_id=26","url":"https:\/\/blandinegaly.com\/?page_id=26","name":"Tienda de viol\u00edn | Luthier Galy","isPartOf":{"@id":"https:\/\/blandinegaly.com\/#website"},"primaryImageOfPage":{"@id":"https:\/\/blandinegaly.com\/?page_id=26#primaryimage"},"image":{"@id":"https:\/\/blandinegaly.com\/?page_id=26#primaryimage"},"thumbnailUrl":"https:\/\/blandinegaly.com\/wp-content\/uploads\/2024\/02\/GamadeViolinesSagradaFamilia.jpg","datePublished":"2014-06-25T12:45:37+00:00","dateModified":"2024-02-19T15:07:24+00:00","description":"Tienda de viol\u00edn. Violines de luthier, Barcelona. Reparaciones complejas. Fabricaci\u00f3n por encargo. Violines para estudiantes.","breadcrumb":{"@id":"https:\/\/blandinegaly.com\/?page_id=26#breadcrumb"},"inLanguage":"es","potentialAction":[{"@type":"ReadAction","target":["https:\/\/blandinegaly.com\/?page_id=26"]}]},{"@type":"ImageObject","inLanguage":"es","@id":"https:\/\/blandinegaly.com\/?page_id=26#primaryimage","url":"https:\/\/blandinegaly.com\/wp-content\/uploads\/2024\/02\/GamadeViolinesSagradaFamilia.jpg","contentUrl":"https:\/\/blandinegaly.com\/wp-content\/uploads\/2024\/02\/GamadeViolinesSagradaFamilia.jpg"},{"@type":"BreadcrumbList","@id":"https:\/\/blandinegaly.com\/?page_id=26#breadcrumb","itemListElement":[{"@type":"ListItem","position":1,"name":"Portada","item":"https:\/\/blandinegaly.com\/"},{"@type":"ListItem","position":2,"name":"Violines"}]},{"@type":"WebSite","@id":"https:\/\/blandinegaly.com\/#website","url":"https:\/\/blandinegaly.com\/","name":"Luthier Galy","description":"Venta, restauraci\u00f3n, fabricaci\u00f3n violin, viola, violonchelo. Encerdadura de arcos.","publisher":{"@id":"https:\/\/blandinegaly.com\/#organization"},"potentialAction":[{"@type":"SearchAction","target":{"@type":"EntryPoint","urlTemplate":"https:\/\/blandinegaly.com\/?s={search_term_string}"},"query-input":{"@type":"PropertyValueSpecification","valueRequired":true,"valueName":"search_term_string"}}],"inLanguage":"es"},{"@type":"Organization","@id":"https:\/\/blandinegaly.com\/#organization","name":"Blandine Galy Luthier","url":"https:\/\/blandinegaly.com\/","logo":{"@type":"ImageObject","inLanguage":"es","@id":"https:\/\/blandinegaly.com\/#\/schema\/logo\/image\/","url":"https:\/\/blandinegaly.com\/wp-content\/uploads\/2021\/12\/Violonchelo-Galy-1-scaled.jpg","contentUrl":"https:\/\/blandinegaly.com\/wp-content\/uploads\/2021\/12\/Violonchelo-Galy-1-scaled.jpg","width":1707,"height":2560,"caption":"Blandine Galy Luthier"},"image":{"@id":"https:\/\/blandinegaly.com\/#\/schema\/logo\/image\/"}}]}},"_links":{"self":[{"href":"https:\/\/blandinegaly.com\/index.php?rest_route=\/wp\/v2\/pages\/26","targetHints":{"allow":["GET"]}}],"collection":[{"href":"https:\/\/blandinegaly.com\/index.php?rest_route=\/wp\/v2\/pages"}],"about":[{"href":"https:\/\/blandinegaly.com\/index.php?rest_route=\/wp\/v2\/types\/page"}],"author":[{"embeddable":true,"href":"https:\/\/blandinegaly.com\/index.php?rest_route=\/wp\/v2\/users\/1"}],"replies":[{"embeddable":true,"href":"https:\/\/blandinegaly.com\/index.php?rest_route=%2Fwp%2Fv2%2Fcomments&post=26"}],"version-history":[{"count":9,"href":"https:\/\/blandinegaly.com\/index.php?rest_route=\/wp\/v2\/pages\/26\/revisions"}],"predecessor-version":[{"id":1857,"href":"https:\/\/blandinegaly.com\/index.php?rest_route=\/wp\/v2\/pages\/26\/revisions\/1857"}],"wp:attachment":[{"href":"https:\/\/blandinegaly.com\/index.php?rest_route=%2Fwp%2Fv2%2Fmedia&parent=26"}],"curies":[{"name":"wp","href":"https:\/\/api.w.org\/{rel}","templated":true}]}}