{"id":898,"date":"2025-10-06T13:29:00","date_gmt":"2025-10-06T11:29:00","guid":{"rendered":"https:\/\/blandinegaly.com\/instruments\/violins\/"},"modified":"2026-03-26T11:44:04","modified_gmt":"2026-03-26T10:44:04","slug":"violins","status":"publish","type":"page","link":"https:\/\/blandinegaly.com\/ca\/instruments\/violins\/","title":{"rendered":"Violins"},"content":{"rendered":"\t\t<div data-elementor-type=\"wp-page\" data-elementor-id=\"898\" class=\"elementor elementor-898 elementor-611\">\n\t\t\t\t\t\t<section class=\"elementor-section elementor-top-section elementor-element elementor-element-dacd0d9 qode_elementor_container_inner elementor-section-boxed elementor-section-height-default elementor-section-height-default parallax_section_no\" data-id=\"dacd0d9\" data-element_type=\"section\" data-e-type=\"section\">\n\t\t\t\t\t\t<div class=\"elementor-container elementor-column-gap-no\">\n\t\t\t\t\t<div class=\"elementor-column elementor-col-66 elementor-top-column elementor-element elementor-element-6eb9431\" data-id=\"6eb9431\" data-element_type=\"column\" data-e-type=\"column\">\n\t\t\t<div class=\"elementor-widget-wrap elementor-element-populated\">\n\t\t\t\t\t\t<div class=\"elementor-element elementor-element-e76b8ca elementor-widget elementor-widget-text-editor\" data-id=\"e76b8ca\" data-element_type=\"widget\" data-e-type=\"widget\" data-widget_type=\"text-editor.default\">\n\t\t\t\t\t\t\t\t\t<h4>Cat\u00e0leg d&#8217;instruments<\/h4>\t\t\t\t\t\t\t\t<\/div>\n\t\t\t\t<div class=\"elementor-element elementor-element-77be080 elementor-widget elementor-widget-heading\" data-id=\"77be080\" data-element_type=\"widget\" data-e-type=\"widget\" data-widget_type=\"heading.default\">\n\t\t\t\t\t<h1 class=\"elementor-heading-title elementor-size-default\">violins de fabricaci\u00f3 pr\u00f2pia i restaurats<\/h1>\t\t\t\t<\/div>\n\t\t\t\t\t<\/div>\n\t\t<\/div>\n\t\t\t\t<div class=\"elementor-column elementor-col-33 elementor-top-column elementor-element elementor-element-8ac4e14\" data-id=\"8ac4e14\" data-element_type=\"column\" data-e-type=\"column\">\n\t\t\t<div class=\"elementor-widget-wrap elementor-element-populated\">\n\t\t\t\t\t\t<div class=\"elementor-element elementor-element-063889e elementor-widget elementor-widget-spacer\" data-id=\"063889e\" data-element_type=\"widget\" data-e-type=\"widget\" data-widget_type=\"spacer.default\">\n\t\t\t\t\t\t\t<div class=\"elementor-spacer\">\n\t\t\t<div class=\"elementor-spacer-inner\"><\/div>\n\t\t<\/div>\n\t\t\t\t\t\t<\/div>\n\t\t\t\t\t<\/div>\n\t\t<\/div>\n\t\t\t\t\t<\/div>\n\t\t<\/section>\n\t\t\t\t<section class=\"elementor-section elementor-top-section elementor-element elementor-element-e1ae138 qode_elementor_container_inner elementor-section-boxed elementor-section-height-default elementor-section-height-default parallax_section_no\" data-id=\"e1ae138\" data-element_type=\"section\" data-e-type=\"section\">\n\t\t\t\t\t\t<div class=\"elementor-container elementor-column-gap-no\">\n\t\t\t\t\t<div class=\"elementor-column elementor-col-33 elementor-top-column elementor-element elementor-element-cecdc11\" data-id=\"cecdc11\" data-element_type=\"column\" data-e-type=\"column\">\n\t\t\t<div class=\"elementor-widget-wrap\">\n\t\t\t\t\t\t\t<\/div>\n\t\t<\/div>\n\t\t\t\t<div class=\"elementor-column elementor-col-66 elementor-top-column elementor-element elementor-element-c99aebe\" data-id=\"c99aebe\" data-element_type=\"column\" data-e-type=\"column\">\n\t\t\t<div class=\"elementor-widget-wrap elementor-element-populated\">\n\t\t\t\t\t\t<div class=\"elementor-element elementor-element-6a727b5 elementor-widget elementor-widget-text-editor\" data-id=\"6a727b5\" data-element_type=\"widget\" data-e-type=\"widget\" data-widget_type=\"text-editor.default\">\n\t\t\t\t\t\t\t\t\t<p data-start=\"87\" data-end=\"437\">Fabriquem <strong>violins per enc\u00e0rrec<\/strong>, cuidant cada detall del proc\u00e9s artes\u00e0, i els <strong>enviem de forma segura<\/strong>, muntats i llestos per poder-se tocar, utilitzant embalatges dissenyats espec\u00edficament per garantir la protecci\u00f3 del viol\u00ed durant el transport.<\/p><p>En el nostre taller de lutier comptem amb una acurada selecci\u00f3 de violins, tant antics com nous, per a principiants i m\u00fasics professionals que busquen qualitat i car\u00e0cter en el seu instrument. A continuaci\u00f3, presentem <strong>alguns dels models actualment disponibles<\/strong>. Podeu venir a provar-los sense cap comprom\u00eds.<\/p>\t\t\t\t\t\t\t\t<\/div>\n\t\t\t\t\t<\/div>\n\t\t<\/div>\n\t\t\t\t\t<\/div>\n\t\t<\/section>\n\t\t\t\t<section class=\"elementor-section elementor-top-section elementor-element elementor-element-e9cdb5c qode_elementor_container_inner elementor-section-boxed elementor-section-height-default elementor-section-height-default parallax_section_no\" data-id=\"e9cdb5c\" data-element_type=\"section\" data-e-type=\"section\">\n\t\t\t\t\t\t<div class=\"elementor-container elementor-column-gap-default\">\n\t\t\t\t\t<div class=\"elementor-column elementor-col-100 elementor-top-column elementor-element elementor-element-daf8f78\" data-id=\"daf8f78\" data-element_type=\"column\" data-e-type=\"column\">\n\t\t\t<div class=\"elementor-widget-wrap elementor-element-populated\">\n\t\t\t\t\t\t<div class=\"elementor-element elementor-element-7dcdd27 elementor-widget-divider--view-line elementor-widget elementor-widget-divider\" data-id=\"7dcdd27\" data-element_type=\"widget\" data-e-type=\"widget\" data-widget_type=\"divider.default\">\n\t\t\t\t\t\t\t<div class=\"elementor-divider\">\n\t\t\t<span class=\"elementor-divider-separator\">\n\t\t\t\t\t\t<\/span>\n\t\t<\/div>\n\t\t\t\t\t\t<\/div>\n\t\t\t\t\t<\/div>\n\t\t<\/div>\n\t\t\t\t\t<\/div>\n\t\t<\/section>\n\t\t\t\t<section class=\"elementor-section elementor-top-section elementor-element elementor-element-2c1f0ab qode_elementor_container_inner elementor-section-content-middle elementor-section-boxed elementor-section-height-default elementor-section-height-default parallax_section_no\" data-id=\"2c1f0ab\" data-element_type=\"section\" data-e-type=\"section\">\n\t\t\t\t\t\t<div class=\"elementor-container elementor-column-gap-default\">\n\t\t\t\t\t<div class=\"elementor-column elementor-col-100 elementor-top-column elementor-element elementor-element-7ccb328\" data-id=\"7ccb328\" data-element_type=\"column\" data-e-type=\"column\">\n\t\t\t<div class=\"elementor-widget-wrap elementor-element-populated\">\n\t\t\t\t\t\t<div class=\"elementor-element elementor-element-e62bd4e elementor-widget elementor-widget-bridge_portfolio_list\" data-id=\"e62bd4e\" data-element_type=\"widget\" data-e-type=\"widget\" data-widget_type=\"bridge_portfolio_list.default\">\n\t\t\t\t<div class=\"elementor-widget-container\">\n\t\t\t\t\t<div class='projects_holder_outer v3 portfolio_with_space portfolio_standard'>\n        <div class='projects_holder portfolio_main_holder clearfix v3 standard portfolio_portrait_image portfolio_one_by_one'>\n        \n        <article class='mix portfolio_category_35 default' style=''>\n    \n    \n    \n                <div class='image_holder'>\n                <a itemprop='url' class='portfolio_link_for_touch' href='https:\/\/blandinegaly.com\/ca\/instrumentos\/violi-model-petrus-guarnerius\/' target='_self'>\n                    \n<span class='image'><img fetchpriority=\"high\" decoding=\"async\" width=\"600\" height=\"800\" src=\"https:\/\/blandinegaly.com\/wp-content\/uploads\/2025\/10\/Violin_Petrus_Guarnerius_01-600x800.jpg\" class=\"attachment-portfolio-portrait size-portfolio-portrait wp-post-image\" alt=\"\" \/><\/span>                <\/a>\n\n                <span class='text_holder'>\n    <span class='text_outer'>\n        <span class='text_inner'>\n            <span class='feature_holder'>\n                        <\/span>\n        <\/span>\n    <\/span>\n<\/span>            <\/div>\n                <div class='portfolio_description text_align_center' >\n\n        \n    <h4 itemprop=\"name\" class=\"portfolio_title entry_title\"><a itemprop=\"url\" href=\"https:\/\/blandinegaly.com\/ca\/instrumentos\/violi-model-petrus-guarnerius\/\"  target=\"_self\"> Viol\u00ed model Petrus Guarnerius<\/a><\/h4>\n\n\n        \n        \n    <\/div>\n        \n<\/article>\n<article class='mix portfolio_category_35 default' style=''>\n    \n    \n    \n                <div class='image_holder'>\n                <a itemprop='url' class='portfolio_link_for_touch' href='https:\/\/blandinegaly.com\/ca\/instrumentos\/violi-model-guarnerius-del-gesu\/' target='_self'>\n                    \n<span class='image'><img decoding=\"async\" width=\"600\" height=\"800\" src=\"https:\/\/blandinegaly.com\/wp-content\/uploads\/2025\/10\/Violin_Guarnerius_Gesu_01-600x800.jpg\" class=\"attachment-portfolio-portrait size-portfolio-portrait wp-post-image\" alt=\"\" \/><\/span>                <\/a>\n\n                <span class='text_holder'>\n    <span class='text_outer'>\n        <span class='text_inner'>\n            <span class='feature_holder'>\n                        <\/span>\n        <\/span>\n    <\/span>\n<\/span>            <\/div>\n                <div class='portfolio_description text_align_center' >\n\n        \n    <h4 itemprop=\"name\" class=\"portfolio_title entry_title\"><a itemprop=\"url\" href=\"https:\/\/blandinegaly.com\/ca\/instrumentos\/violi-model-guarnerius-del-gesu\/\"  target=\"_self\"> Viol\u00ed model Guarnerius del Gesu<\/a><\/h4>\n\n\n        \n        \n    <\/div>\n        \n<\/article>\n<article class='mix portfolio_category_35 default' style=''>\n    \n    \n    \n                <div class='image_holder'>\n                <a itemprop='url' class='portfolio_link_for_touch' href='https:\/\/blandinegaly.com\/ca\/instrumentos\/violi-m-mermillot\/' target='_self'>\n                    \n<span class='image'><img decoding=\"async\" width=\"600\" height=\"800\" src=\"https:\/\/blandinegaly.com\/wp-content\/uploads\/2025\/10\/Mermillot_01-600x800.jpg\" class=\"attachment-portfolio-portrait size-portfolio-portrait wp-post-image\" alt=\"\" \/><\/span>                <\/a>\n\n                <span class='text_holder'>\n    <span class='text_outer'>\n        <span class='text_inner'>\n            <span class='feature_holder'>\n                        <\/span>\n        <\/span>\n    <\/span>\n<\/span>            <\/div>\n                <div class='portfolio_description text_align_center' >\n\n        \n    <h4 itemprop=\"name\" class=\"portfolio_title entry_title\"><a itemprop=\"url\" href=\"https:\/\/blandinegaly.com\/ca\/instrumentos\/violi-m-mermillot\/\"  target=\"_self\"> Viol\u00ed M. Mermillot<\/a><\/h4>\n\n\n        \n        \n    <\/div>\n        \n<\/article>\n<article class='mix portfolio_category_35 default' style=''>\n    \n    \n    \n                <div class='image_holder'>\n                <a itemprop='url' class='portfolio_link_for_touch' href='https:\/\/blandinegaly.com\/ca\/instrumentos\/violi-gamma-sagrada-familia-per-a-principiants\/' target='_self'>\n                    \n<span class='image'><img loading=\"lazy\" decoding=\"async\" width=\"600\" height=\"800\" src=\"https:\/\/blandinegaly.com\/wp-content\/uploads\/2025\/10\/Violin_Sagrada_Familia_01-600x800.jpg\" class=\"attachment-portfolio-portrait size-portfolio-portrait wp-post-image\" alt=\"\" \/><\/span>                <\/a>\n\n                <span class='text_holder'>\n    <span class='text_outer'>\n        <span class='text_inner'>\n            <span class='feature_holder'>\n                        <\/span>\n        <\/span>\n    <\/span>\n<\/span>            <\/div>\n                <div class='portfolio_description text_align_center' >\n\n        \n    <h4 itemprop=\"name\" class=\"portfolio_title entry_title\"><a itemprop=\"url\" href=\"https:\/\/blandinegaly.com\/ca\/instrumentos\/violi-gamma-sagrada-familia-per-a-principiants\/\"  target=\"_self\"> Viol\u00ed gamma \u00abSagrada Fam\u00edlia\u00bb per a principiants<\/a><\/h4>\n\n\n        \n        \n    <\/div>\n        \n<\/article>\n<article class='mix portfolio_category_35 default' style=''>\n    \n    \n    \n                <div class='image_holder'>\n                <a itemprop='url' class='portfolio_link_for_touch' href='https:\/\/blandinegaly.com\/ca\/instrumentos\/violi-f-h-caussin\/' target='_self'>\n                    \n<span class='image'><img loading=\"lazy\" decoding=\"async\" width=\"600\" height=\"800\" src=\"https:\/\/blandinegaly.com\/wp-content\/uploads\/2025\/10\/Violin_frances_Caussin_1870_01-600x800.jpg\" class=\"attachment-portfolio-portrait size-portfolio-portrait wp-post-image\" alt=\"\" \/><\/span>                <\/a>\n\n                <span class='text_holder'>\n    <span class='text_outer'>\n        <span class='text_inner'>\n            <span class='feature_holder'>\n                        <\/span>\n        <\/span>\n    <\/span>\n<\/span>            <\/div>\n                <div class='portfolio_description text_align_center' >\n\n        \n    <h4 itemprop=\"name\" class=\"portfolio_title entry_title\"><a itemprop=\"url\" href=\"https:\/\/blandinegaly.com\/ca\/instrumentos\/violi-f-h-caussin\/\"  target=\"_self\"> Viol\u00ed F. H. Caussin<\/a><\/h4>\n\n\n        \n        \n    <\/div>\n        \n<\/article>\n<article class='mix portfolio_category_35 default' style=''>\n    \n    \n    \n                <div class='image_holder'>\n                <a itemprop='url' class='portfolio_link_for_touch' href='https:\/\/blandinegaly.com\/ca\/instrumentos\/violi-vieux-paris-l-guersan\/' target='_self'>\n                    \n<span class='image'><img loading=\"lazy\" decoding=\"async\" width=\"600\" height=\"800\" src=\"https:\/\/blandinegaly.com\/wp-content\/uploads\/2025\/10\/Violin_viejo_Paris-600x800.jpg\" class=\"attachment-portfolio-portrait size-portfolio-portrait wp-post-image\" alt=\"\" \/><\/span>                <\/a>\n\n                <span class='text_holder'>\n    <span class='text_outer'>\n        <span class='text_inner'>\n            <span class='feature_holder'>\n                        <\/span>\n        <\/span>\n    <\/span>\n<\/span>            <\/div>\n                <div class='portfolio_description text_align_center' >\n\n        \n    <h4 itemprop=\"name\" class=\"portfolio_title entry_title\"><a itemprop=\"url\" href=\"https:\/\/blandinegaly.com\/ca\/instrumentos\/violi-vieux-paris-l-guersan\/\"  target=\"_self\"> Viol\u00ed \u00abVieux Paris\u00bb L. Guersan<\/a><\/h4>\n\n\n        \n        \n    <\/div>\n        \n<\/article>\n        <div class='filler'><\/div>\n            <div class='filler'><\/div>\n            <div class='filler'><\/div>\n        <\/div>\n\n    \n    <\/div>\t\t\t\t<\/div>\n\t\t\t\t<\/div>\n\t\t\t\t\t<\/div>\n\t\t<\/div>\n\t\t\t\t\t<\/div>\n\t\t<\/section>\n\t\t\t\t<\/div>\n\t\t","protected":false},"excerpt":{"rendered":"<p>Cat\u00e0leg d&#8217;instruments violins de fabricaci\u00f3 pr\u00f2pia i restaurats Fabriquem violins per enc\u00e0rrec, cuidant cada detall del proc\u00e9s artes\u00e0, i els enviem de forma segura, muntats i llestos per poder-se tocar, utilitzant embalatges dissenyats espec\u00edficament per garantir la protecci\u00f3 del viol\u00ed durant el transport. En el&#8230;<\/p>\n","protected":false},"author":2,"featured_media":0,"parent":890,"menu_order":0,"comment_status":"closed","ping_status":"closed","template":"full_width.php","meta":{"footnotes":""},"class_list":["post-898","page","type-page","status-publish","hentry"],"_links":{"self":[{"href":"https:\/\/blandinegaly.com\/ca\/wp-json\/wp\/v2\/pages\/898","targetHints":{"allow":["GET"]}}],"collection":[{"href":"https:\/\/blandinegaly.com\/ca\/wp-json\/wp\/v2\/pages"}],"about":[{"href":"https:\/\/blandinegaly.com\/ca\/wp-json\/wp\/v2\/types\/page"}],"author":[{"embeddable":true,"href":"https:\/\/blandinegaly.com\/ca\/wp-json\/wp\/v2\/users\/2"}],"replies":[{"embeddable":true,"href":"https:\/\/blandinegaly.com\/ca\/wp-json\/wp\/v2\/comments?post=898"}],"version-history":[{"count":1,"href":"https:\/\/blandinegaly.com\/ca\/wp-json\/wp\/v2\/pages\/898\/revisions"}],"predecessor-version":[{"id":899,"href":"https:\/\/blandinegaly.com\/ca\/wp-json\/wp\/v2\/pages\/898\/revisions\/899"}],"up":[{"embeddable":true,"href":"https:\/\/blandinegaly.com\/ca\/wp-json\/wp\/v2\/pages\/890"}],"wp:attachment":[{"href":"https:\/\/blandinegaly.com\/ca\/wp-json\/wp\/v2\/media?parent=898"}],"curies":[{"name":"wp","href":"https:\/\/api.w.org\/{rel}","templated":true}]}}