{"id":873,"date":"2025-10-03T13:03:41","date_gmt":"2025-10-03T11:03:41","guid":{"rendered":"https:\/\/blandinegaly.com\/serveis\/encerdat-darcs\/"},"modified":"2026-03-26T11:36:02","modified_gmt":"2026-03-26T10:36:02","slug":"encerdat-darcs","status":"publish","type":"page","link":"https:\/\/blandinegaly.com\/ca\/serveis\/encerdat-darcs\/","title":{"rendered":"Encerdat d&#8217;arcs"},"content":{"rendered":"\t\t<div data-elementor-type=\"wp-page\" data-elementor-id=\"873\" class=\"elementor elementor-873 elementor-516\">\n\t\t\t\t\t\t<section class=\"elementor-section elementor-top-section elementor-element elementor-element-dacd0d9 qode_elementor_container_inner elementor-section-boxed elementor-section-height-default elementor-section-height-default parallax_section_no\" data-id=\"dacd0d9\" data-element_type=\"section\" data-e-type=\"section\">\n\t\t\t\t\t\t<div class=\"elementor-container elementor-column-gap-no\">\n\t\t\t\t\t<div class=\"elementor-column elementor-col-66 elementor-top-column elementor-element elementor-element-6eb9431\" data-id=\"6eb9431\" data-element_type=\"column\" data-e-type=\"column\">\n\t\t\t<div class=\"elementor-widget-wrap elementor-element-populated\">\n\t\t\t\t\t\t<div class=\"elementor-element elementor-element-e76b8ca elementor-widget elementor-widget-text-editor\" data-id=\"e76b8ca\" data-element_type=\"widget\" data-e-type=\"widget\" data-widget_type=\"text-editor.default\">\n\t\t\t\t\t\t\t\t\t<h4>Servei<\/h4>\t\t\t\t\t\t\t\t<\/div>\n\t\t\t\t<div class=\"elementor-element elementor-element-77be080 elementor-widget elementor-widget-heading\" data-id=\"77be080\" data-element_type=\"widget\" data-e-type=\"widget\" data-widget_type=\"heading.default\">\n\t\t\t\t\t<h1 class=\"elementor-heading-title elementor-size-default\">Encordat i reparaci\u00f3 d'arcs<\/h1>\t\t\t\t<\/div>\n\t\t\t\t\t<\/div>\n\t\t<\/div>\n\t\t\t\t<div class=\"elementor-column elementor-col-33 elementor-top-column elementor-element elementor-element-8ac4e14\" data-id=\"8ac4e14\" data-element_type=\"column\" data-e-type=\"column\">\n\t\t\t<div class=\"elementor-widget-wrap elementor-element-populated\">\n\t\t\t\t\t\t<div class=\"elementor-element elementor-element-063889e elementor-widget elementor-widget-spacer\" data-id=\"063889e\" data-element_type=\"widget\" data-e-type=\"widget\" data-widget_type=\"spacer.default\">\n\t\t\t\t\t\t\t<div class=\"elementor-spacer\">\n\t\t\t<div class=\"elementor-spacer-inner\"><\/div>\n\t\t<\/div>\n\t\t\t\t\t\t<\/div>\n\t\t\t\t\t<\/div>\n\t\t<\/div>\n\t\t\t\t\t<\/div>\n\t\t<\/section>\n\t\t\t\t<section class=\"elementor-section elementor-top-section elementor-element elementor-element-e1ae138 qode_elementor_container_inner elementor-section-boxed elementor-section-height-default elementor-section-height-default parallax_section_no\" data-id=\"e1ae138\" data-element_type=\"section\" data-e-type=\"section\">\n\t\t\t\t\t\t<div class=\"elementor-container elementor-column-gap-no\">\n\t\t\t\t\t<div class=\"elementor-column elementor-col-33 elementor-top-column elementor-element elementor-element-cecdc11\" data-id=\"cecdc11\" data-element_type=\"column\" data-e-type=\"column\">\n\t\t\t<div class=\"elementor-widget-wrap\">\n\t\t\t\t\t\t\t<\/div>\n\t\t<\/div>\n\t\t\t\t<div class=\"elementor-column elementor-col-66 elementor-top-column elementor-element elementor-element-c99aebe\" data-id=\"c99aebe\" data-element_type=\"column\" data-e-type=\"column\">\n\t\t\t<div class=\"elementor-widget-wrap elementor-element-populated\">\n\t\t\t\t\t\t<div class=\"elementor-element elementor-element-220f64c elementor-widget elementor-widget-text-editor\" data-id=\"220f64c\" data-element_type=\"widget\" data-e-type=\"widget\" data-widget_type=\"text-editor.default\">\n\t\t\t\t\t\t\t\t\t<h4 data-start=\"775\" data-end=\"826\"><strong>Encordat de l&#8217;arc<\/strong><\/h4>\t\t\t\t\t\t\t\t<\/div>\n\t\t\t\t<div class=\"elementor-element elementor-element-6a727b5 elementor-widget elementor-widget-text-editor\" data-id=\"6a727b5\" data-element_type=\"widget\" data-e-type=\"widget\" data-widget_type=\"text-editor.default\">\n\t\t\t\t\t\t\t\t\t<p data-start=\"181\" data-end=\"485\">Oferim un servei d\u2019<strong data-start=\"203\" data-end=\"284\">encerdat professional per a arcs de viol\u00ed, viola, violoncel i contrabaix<\/strong>, utilitzant <strong data-start=\"307\" data-end=\"348\">crins d\u2019alta qualitat procedents de Mong\u00f2lia<\/strong>. Cada lot es selecciona acuradament abans de l\u2019encerdat per tal d\u2019eliminar les crins defectuoses i garantir un resultat \u00f2ptim. <\/p><p data-start=\"487\" data-end=\"638\">Els arcs s\u2019entreguen <strong data-start=\"509\" data-end=\"531\">sense aplicar resina<\/strong>, amb l\u2019objectiu d&#8217;evitar la mescla de diferents marques, ja que cada m\u00fasic t\u00e9 les seves prefer\u00e8ncies personals.<\/p><p data-start=\"640\" data-end=\"754\">En el cas dels arcs de contrabaix, treballem tant amb <strong data-start=\"700\" data-end=\"730\">crins blanques com negres<\/strong>, entre les quals el m\u00fasic pot escollir.<\/p>\t\t\t\t\t\t\t\t<\/div>\n\t\t\t\t<div class=\"elementor-element elementor-element-336b227 elementor-widget elementor-widget-text-editor\" data-id=\"336b227\" data-element_type=\"widget\" data-e-type=\"widget\" data-widget_type=\"text-editor.default\">\n\t\t\t\t\t\t\t\t\t<h4 data-start=\"775\" data-end=\"826\"><strong>Reparacions<\/strong><\/h4>\t\t\t\t\t\t\t\t<\/div>\n\t\t\t\t<div class=\"elementor-element elementor-element-68fac32 elementor-widget elementor-widget-text-editor\" data-id=\"68fac32\" data-element_type=\"widget\" data-e-type=\"widget\" data-widget_type=\"text-editor.default\">\n\t\t\t\t\t\t\t\t\t<p data-start=\"775\" data-end=\"826\">Realitzem <strong data-start=\"786\" data-end=\"819\">reparacions b\u00e0siques d\u2019arc <\/strong>com ara el canvi de placa de la punta, la substituci\u00f3 del nacre, la reparaci\u00f3 o el reempla\u00e7ament de la rosca, etc.<\/p><p data-start=\"923\" data-end=\"1166\">Per a <strong data-start=\"928\" data-end=\"954\">reparacions complexes<\/strong> \u2014com ara la restauraci\u00f3 de la nou, trencaments de la punta, problemes en parts met\u00e0l\u00b7liques o en la curvatura de la vareta\u2014, col\u00b7laborem amb <strong data-start=\"1085\" data-end=\"1112\">tallers especialitzats<\/strong> als quals podem enviar l&#8217;arc amb total seguretat.<\/p>\t\t\t\t\t\t\t\t<\/div>\n\t\t\t\t<div class=\"elementor-element elementor-element-8bfd41a elementor-widget elementor-widget-text-editor\" data-id=\"8bfd41a\" data-element_type=\"widget\" data-e-type=\"widget\" data-widget_type=\"text-editor.default\">\n\t\t\t\t\t\t\t\t\t<h4 data-start=\"775\" data-end=\"826\"><strong>Control de qualitat<\/strong><\/h4>\t\t\t\t\t\t\t\t<\/div>\n\t\t\t\t<div class=\"elementor-element elementor-element-0018298 elementor-widget elementor-widget-text-editor\" data-id=\"0018298\" data-element_type=\"widget\" data-e-type=\"widget\" data-widget_type=\"text-editor.default\">\n\t\t\t\t\t\t\t\t\t<p data-start=\"775\" data-end=\"826\">Els arcs de viol\u00ed que surten del nostre taller passen per un exhaustiu control de qualitat, en el qual <strong>avaluem tant els materials emprats com la integritat estructural de cada pe\u00e7a<\/strong>. Comprovem acuradament la <strong>curvatura<\/strong> i l\u2019<strong>equilibri<\/strong> de l\u2019arc, aix\u00ed com el correcte <strong>funcionament de la nou i del cargol<\/strong>. Aix\u00ed mateix, inspeccionem minuciosament la qualitat de l\u2019encordat.  <\/p><p data-start=\"775\" data-end=\"826\">Nom\u00e9s despr\u00e9s de superar satisfact\u00f2riament totes aquestes verificacions, l&#8217;arc es considera llest per sortir del taller.<\/p>\t\t\t\t\t\t\t\t<\/div>\n\t\t\t\t\t<\/div>\n\t\t<\/div>\n\t\t\t\t\t<\/div>\n\t\t<\/section>\n\t\t\t\t<section class=\"elementor-section elementor-top-section elementor-element elementor-element-0065096 qode_elementor_container_inner elementor-section-boxed elementor-section-height-default elementor-section-height-default parallax_section_no\" data-id=\"0065096\" data-element_type=\"section\" data-e-type=\"section\">\n\t\t\t\t\t\t<div class=\"elementor-container elementor-column-gap-default\">\n\t\t\t\t\t<div class=\"elementor-column elementor-col-50 elementor-top-column elementor-element elementor-element-ccdfd94\" data-id=\"ccdfd94\" data-element_type=\"column\" data-e-type=\"column\">\n\t\t\t<div class=\"elementor-widget-wrap elementor-element-populated\">\n\t\t\t\t\t\t<div class=\"elementor-element elementor-element-e60d519 elementor-widget elementor-widget-image\" data-id=\"e60d519\" data-element_type=\"widget\" data-e-type=\"widget\" data-widget_type=\"image.default\">\n\t\t\t\t\t\t\t\t\t\t\t\t\t\t\t<img fetchpriority=\"high\" decoding=\"async\" width=\"1024\" height=\"810\" src=\"https:\/\/blandinegaly.com\/wp-content\/uploads\/2026\/03\/arcos_01-1024x810.jpeg\" class=\"attachment-large size-large wp-image-871\" alt=\"\" srcset=\"https:\/\/blandinegaly.com\/wp-content\/uploads\/2026\/03\/arcos_01-1024x810.jpeg 1024w, https:\/\/blandinegaly.com\/wp-content\/uploads\/2026\/03\/arcos_01-300x237.jpeg 300w, https:\/\/blandinegaly.com\/wp-content\/uploads\/2026\/03\/arcos_01-768x607.jpeg 768w, https:\/\/blandinegaly.com\/wp-content\/uploads\/2026\/03\/arcos_01-1536x1215.jpeg 1536w, https:\/\/blandinegaly.com\/wp-content\/uploads\/2026\/03\/arcos_01-2048x1620.jpeg 2048w, https:\/\/blandinegaly.com\/wp-content\/uploads\/2026\/03\/arcos_01-700x554.jpeg 700w\" sizes=\"(max-width: 1024px) 100vw, 1024px\" \/>\t\t\t\t\t\t\t\t\t\t\t\t\t\t\t<\/div>\n\t\t\t\t\t<\/div>\n\t\t<\/div>\n\t\t\t\t<div class=\"elementor-column elementor-col-50 elementor-top-column elementor-element elementor-element-a67ed8c\" data-id=\"a67ed8c\" data-element_type=\"column\" data-e-type=\"column\">\n\t\t\t<div class=\"elementor-widget-wrap elementor-element-populated\">\n\t\t\t\t\t\t<div class=\"elementor-element elementor-element-fcd66a8 elementor-widget elementor-widget-image\" data-id=\"fcd66a8\" data-element_type=\"widget\" data-e-type=\"widget\" data-widget_type=\"image.default\">\n\t\t\t\t\t\t\t\t\t\t\t\t\t\t\t<img decoding=\"async\" width=\"1024\" height=\"810\" src=\"https:\/\/blandinegaly.com\/wp-content\/uploads\/2026\/03\/arcos_02-1024x810.png\" class=\"attachment-large size-large wp-image-872\" alt=\"\" srcset=\"https:\/\/blandinegaly.com\/wp-content\/uploads\/2026\/03\/arcos_02-1024x810.png 1024w, https:\/\/blandinegaly.com\/wp-content\/uploads\/2026\/03\/arcos_02-300x237.png 300w, https:\/\/blandinegaly.com\/wp-content\/uploads\/2026\/03\/arcos_02-768x607.png 768w, https:\/\/blandinegaly.com\/wp-content\/uploads\/2026\/03\/arcos_02-1536x1215.png 1536w, https:\/\/blandinegaly.com\/wp-content\/uploads\/2026\/03\/arcos_02-2048x1620.png 2048w, https:\/\/blandinegaly.com\/wp-content\/uploads\/2026\/03\/arcos_02-700x554.png 700w\" sizes=\"(max-width: 1024px) 100vw, 1024px\" \/>\t\t\t\t\t\t\t\t\t\t\t\t\t\t\t<\/div>\n\t\t\t\t\t<\/div>\n\t\t<\/div>\n\t\t\t\t\t<\/div>\n\t\t<\/section>\n\t\t\t\t<section class=\"elementor-section elementor-top-section elementor-element elementor-element-e9cdb5c qode_elementor_container_inner elementor-section-boxed elementor-section-height-default elementor-section-height-default parallax_section_no\" data-id=\"e9cdb5c\" data-element_type=\"section\" data-e-type=\"section\">\n\t\t\t\t\t\t<div class=\"elementor-container elementor-column-gap-default\">\n\t\t\t\t\t<div class=\"elementor-column elementor-col-100 elementor-top-column elementor-element elementor-element-daf8f78\" data-id=\"daf8f78\" data-element_type=\"column\" data-e-type=\"column\">\n\t\t\t<div class=\"elementor-widget-wrap elementor-element-populated\">\n\t\t\t\t\t\t<div class=\"elementor-element elementor-element-7dcdd27 elementor-widget-divider--view-line elementor-widget elementor-widget-divider\" data-id=\"7dcdd27\" data-element_type=\"widget\" data-e-type=\"widget\" data-widget_type=\"divider.default\">\n\t\t\t\t\t\t\t<div class=\"elementor-divider\">\n\t\t\t<span class=\"elementor-divider-separator\">\n\t\t\t\t\t\t<\/span>\n\t\t<\/div>\n\t\t\t\t\t\t<\/div>\n\t\t\t\t\t<\/div>\n\t\t<\/div>\n\t\t\t\t\t<\/div>\n\t\t<\/section>\n\t\t\t\t<section class=\"elementor-section elementor-top-section elementor-element elementor-element-b892cdf qode_elementor_container_inner elementor-section-boxed elementor-section-height-default elementor-section-height-default parallax_section_no\" data-id=\"b892cdf\" data-element_type=\"section\" data-e-type=\"section\">\n\t\t\t\t\t\t<div class=\"elementor-container elementor-column-gap-default\">\n\t\t\t\t\t<div class=\"elementor-column elementor-col-50 elementor-top-column elementor-element elementor-element-1bfbd14\" data-id=\"1bfbd14\" data-element_type=\"column\" data-e-type=\"column\">\n\t\t\t<div class=\"elementor-widget-wrap elementor-element-populated\">\n\t\t\t\t\t\t<div class=\"elementor-element elementor-element-4d2301d elementor-widget elementor-widget-heading\" data-id=\"4d2301d\" data-element_type=\"widget\" data-e-type=\"widget\" data-widget_type=\"heading.default\">\n\t\t\t\t\t<h5 class=\"elementor-heading-title elementor-size-default\">Enviament i seguretat<\/h5>\t\t\t\t<\/div>\n\t\t\t\t<div class=\"elementor-element elementor-element-76db024 elementor-widget elementor-widget-text-editor\" data-id=\"76db024\" data-element_type=\"widget\" data-e-type=\"widget\" data-widget_type=\"text-editor.default\">\n\t\t\t\t\t\t\t\t\t<p data-start=\"1192\" data-end=\"1274\">Oferim<strong data-start=\"1202\" data-end=\"1232\"> servei d\u2019enviament d\u2019arcs<\/strong> per a m\u00fasics que no resideixen a Barcelona. Recomanem a tots els m\u00fasics que <strong data-start=\"1309\" data-end=\"1358\"><a href=\"https:\/\/www.mcasablancas.com\/\" target=\"_blank\" rel=\"noopener\">assegurin<\/a> els seus arcs juntament amb els seus instruments<\/strong>, per sentir-se m\u00e9s tranquils davant de qualsevol imprevist.<\/p>\t\t\t\t\t\t\t\t<\/div>\n\t\t\t\t\t<\/div>\n\t\t<\/div>\n\t\t\t\t<div class=\"elementor-column elementor-col-50 elementor-top-column elementor-element elementor-element-38f8540\" data-id=\"38f8540\" data-element_type=\"column\" data-e-type=\"column\">\n\t\t\t<div class=\"elementor-widget-wrap elementor-element-populated\">\n\t\t\t\t\t\t<div class=\"elementor-element elementor-element-7df45e6 elementor-widget elementor-widget-heading\" data-id=\"7df45e6\" data-element_type=\"widget\" data-e-type=\"widget\" data-widget_type=\"heading.default\">\n\t\t\t\t\t<h5 class=\"elementor-heading-title elementor-size-default\">Venda d'arcs<\/h5>\t\t\t\t<\/div>\n\t\t\t\t<div class=\"elementor-element elementor-element-6563f84 elementor-widget elementor-widget-text-editor\" data-id=\"6563f84\" data-element_type=\"widget\" data-e-type=\"widget\" data-widget_type=\"text-editor.default\">\n\t\t\t\t\t\t\t\t\t<p data-start=\"1433\" data-end=\"1602\">Disposem d\u2019una selecci\u00f3 d\u2019<strong data-start=\"1464\" data-end=\"1512\">arcs antics i moderns de totes les gammes<\/strong>, des d\u2019opcions per a <strong data-start=\"1534\" data-end=\"1557\">nens principiants<\/strong> fins a <strong data-start=\"1564\" data-end=\"1587\">arcs professionals<\/strong> d\u2019alt nivell.<\/p>\t\t\t\t\t\t\t\t<\/div>\n\t\t\t\t\t<\/div>\n\t\t<\/div>\n\t\t\t\t\t<\/div>\n\t\t<\/section>\n\t\t\t\t<\/div>\n\t\t","protected":false},"excerpt":{"rendered":"<p>Servei Encordat i reparaci\u00f3 d&#8217;arcs Encordat de l&#8217;arc Oferim un servei d\u2019encerdat professional per a arcs de viol\u00ed, viola, violoncel i contrabaix, utilitzant crins d\u2019alta qualitat procedents de Mong\u00f2lia. Cada lot es selecciona acuradament abans de l\u2019encerdat per tal d\u2019eliminar les crins defectuoses i garantir&#8230;<\/p>\n","protected":false},"author":2,"featured_media":0,"parent":854,"menu_order":0,"comment_status":"closed","ping_status":"closed","template":"full_width.php","meta":{"footnotes":""},"class_list":["post-873","page","type-page","status-publish","hentry"],"_links":{"self":[{"href":"https:\/\/blandinegaly.com\/ca\/wp-json\/wp\/v2\/pages\/873","targetHints":{"allow":["GET"]}}],"collection":[{"href":"https:\/\/blandinegaly.com\/ca\/wp-json\/wp\/v2\/pages"}],"about":[{"href":"https:\/\/blandinegaly.com\/ca\/wp-json\/wp\/v2\/types\/page"}],"author":[{"embeddable":true,"href":"https:\/\/blandinegaly.com\/ca\/wp-json\/wp\/v2\/users\/2"}],"replies":[{"embeddable":true,"href":"https:\/\/blandinegaly.com\/ca\/wp-json\/wp\/v2\/comments?post=873"}],"version-history":[{"count":1,"href":"https:\/\/blandinegaly.com\/ca\/wp-json\/wp\/v2\/pages\/873\/revisions"}],"predecessor-version":[{"id":876,"href":"https:\/\/blandinegaly.com\/ca\/wp-json\/wp\/v2\/pages\/873\/revisions\/876"}],"up":[{"embeddable":true,"href":"https:\/\/blandinegaly.com\/ca\/wp-json\/wp\/v2\/pages\/854"}],"wp:attachment":[{"href":"https:\/\/blandinegaly.com\/ca\/wp-json\/wp\/v2\/media?parent=873"}],"curies":[{"name":"wp","href":"https:\/\/api.w.org\/{rel}","templated":true}]}}