{"id":859,"date":"2025-10-06T11:28:18","date_gmt":"2025-10-06T09:28:18","guid":{"rendered":"https:\/\/blandinegaly.com\/serveis\/fabricacio-propia\/"},"modified":"2026-03-25T18:31:36","modified_gmt":"2026-03-25T17:31:36","slug":"fabricacio-propia","status":"publish","type":"page","link":"https:\/\/blandinegaly.com\/ca\/serveis\/fabricacio-propia\/","title":{"rendered":"Fabricaci\u00f3 pr\u00f2pia"},"content":{"rendered":"\t\t<div data-elementor-type=\"wp-page\" data-elementor-id=\"859\" class=\"elementor elementor-859 elementor-569\">\n\t\t\t\t\t\t<section class=\"elementor-section elementor-top-section elementor-element elementor-element-dacd0d9 qode_elementor_container_inner elementor-section-boxed elementor-section-height-default elementor-section-height-default parallax_section_no\" data-id=\"dacd0d9\" data-element_type=\"section\" data-e-type=\"section\">\n\t\t\t\t\t\t<div class=\"elementor-container elementor-column-gap-no\">\n\t\t\t\t\t<div class=\"elementor-column elementor-col-66 elementor-top-column elementor-element elementor-element-6eb9431\" data-id=\"6eb9431\" data-element_type=\"column\" data-e-type=\"column\">\n\t\t\t<div class=\"elementor-widget-wrap elementor-element-populated\">\n\t\t\t\t\t\t<div class=\"elementor-element elementor-element-e76b8ca elementor-widget elementor-widget-text-editor\" data-id=\"e76b8ca\" data-element_type=\"widget\" data-e-type=\"widget\" data-widget_type=\"text-editor.default\">\n\t\t\t\t\t\t\t\t\t<h4>Servei<\/h4>\t\t\t\t\t\t\t\t<\/div>\n\t\t\t\t<div class=\"elementor-element elementor-element-77be080 elementor-widget elementor-widget-heading\" data-id=\"77be080\" data-element_type=\"widget\" data-e-type=\"widget\" data-widget_type=\"heading.default\">\n\t\t\t\t\t<h1 class=\"elementor-heading-title elementor-size-default\">Fabricaci\u00f3 pr\u00f2pia de violins, violes i violoncels<\/h1>\t\t\t\t<\/div>\n\t\t\t\t\t<\/div>\n\t\t<\/div>\n\t\t\t\t<div class=\"elementor-column elementor-col-33 elementor-top-column elementor-element elementor-element-8ac4e14\" data-id=\"8ac4e14\" data-element_type=\"column\" data-e-type=\"column\">\n\t\t\t<div class=\"elementor-widget-wrap elementor-element-populated\">\n\t\t\t\t\t\t<div class=\"elementor-element elementor-element-063889e elementor-widget elementor-widget-spacer\" data-id=\"063889e\" data-element_type=\"widget\" data-e-type=\"widget\" data-widget_type=\"spacer.default\">\n\t\t\t\t\t\t\t<div class=\"elementor-spacer\">\n\t\t\t<div class=\"elementor-spacer-inner\"><\/div>\n\t\t<\/div>\n\t\t\t\t\t\t<\/div>\n\t\t\t\t\t<\/div>\n\t\t<\/div>\n\t\t\t\t\t<\/div>\n\t\t<\/section>\n\t\t\t\t<section class=\"elementor-section elementor-top-section elementor-element elementor-element-e1ae138 qode_elementor_container_inner elementor-section-boxed elementor-section-height-default elementor-section-height-default parallax_section_no\" data-id=\"e1ae138\" data-element_type=\"section\" data-e-type=\"section\">\n\t\t\t\t\t\t<div class=\"elementor-container elementor-column-gap-default\">\n\t\t\t\t\t<div class=\"elementor-column elementor-col-33 elementor-top-column elementor-element elementor-element-cecdc11\" data-id=\"cecdc11\" data-element_type=\"column\" data-e-type=\"column\">\n\t\t\t<div class=\"elementor-widget-wrap elementor-element-populated\">\n\t\t\t\t\t\t<div class=\"elementor-element elementor-element-b0c021b elementor-widget elementor-widget-image\" data-id=\"b0c021b\" data-element_type=\"widget\" data-e-type=\"widget\" data-widget_type=\"image.default\">\n\t\t\t\t\t\t\t\t\t\t\t\t\t\t\t<img fetchpriority=\"high\" decoding=\"async\" width=\"683\" height=\"1024\" src=\"https:\/\/blandinegaly.com\/wp-content\/uploads\/2026\/03\/atelier_blandine-01-683x1024.jpg\" class=\"attachment-large size-large wp-image-858\" alt=\"\" srcset=\"https:\/\/blandinegaly.com\/wp-content\/uploads\/2026\/03\/atelier_blandine-01-683x1024.jpg 683w, https:\/\/blandinegaly.com\/wp-content\/uploads\/2026\/03\/atelier_blandine-01-200x300.jpg 200w, https:\/\/blandinegaly.com\/wp-content\/uploads\/2026\/03\/atelier_blandine-01-768x1152.jpg 768w, https:\/\/blandinegaly.com\/wp-content\/uploads\/2026\/03\/atelier_blandine-01-1024x1536.jpg 1024w, https:\/\/blandinegaly.com\/wp-content\/uploads\/2026\/03\/atelier_blandine-01-1366x2048.jpg 1366w, https:\/\/blandinegaly.com\/wp-content\/uploads\/2026\/03\/atelier_blandine-01-700x1050.jpg 700w, https:\/\/blandinegaly.com\/wp-content\/uploads\/2026\/03\/atelier_blandine-01.jpg 1667w\" sizes=\"(max-width: 683px) 100vw, 683px\" \/>\t\t\t\t\t\t\t\t\t\t\t\t\t\t\t<\/div>\n\t\t\t\t\t<\/div>\n\t\t<\/div>\n\t\t\t\t<div class=\"elementor-column elementor-col-66 elementor-top-column elementor-element elementor-element-c99aebe\" data-id=\"c99aebe\" data-element_type=\"column\" data-e-type=\"column\">\n\t\t\t<div class=\"elementor-widget-wrap elementor-element-populated\">\n\t\t\t\t\t\t<div class=\"elementor-element elementor-element-6a727b5 elementor-widget elementor-widget-text-editor\" data-id=\"6a727b5\" data-element_type=\"widget\" data-e-type=\"widget\" data-widget_type=\"text-editor.default\">\n\t\t\t\t\t\t\t\t\t<p data-start=\"226\" data-end=\"406\">Som un taller de luthier dedicat a la <strong data-start=\"263\" data-end=\"331\">fabricaci\u00f3 artesanal i venda de violins, violes i violoncels<\/strong>, aix\u00ed com de tots els <strong data-start=\"355\" data-end=\"382\">accessoris relacionats<\/strong> amb aquests instruments.<\/p><p data-start=\"672\" data-end=\"831\">Realitzem els nostres <strong data-start=\"683\" data-end=\"722\">productes per enc\u00e0rrec de manera personalitzada<\/strong>, utilitzant fustes seleccionades i t\u00e8cniques tradicionals de luteria per aconseguir el millor so i acabat.<\/p><p data-start=\"436\" data-end=\"644\">El nostre comprom\u00eds \u00e9s amb el m\u00fasic, per aix\u00f2 oferim una atenci\u00f3 propera, orientada a les seves necessitats. Ens prenem el temps necessari per ajudar-vos a trobar l&#8217;instrument o accessori que millor s&#8217;adapti a tu.<\/p><p data-start=\"1013\" data-end=\"1216\">Realitzem enviaments nacionals i internacionals. Els violins s&#8217;entreguen <strong data-start=\"1086\" data-end=\"1118\">muntats i llestos per tocar<\/strong>, protegits en una caixa especialment dissenyada per a l&#8217;<strong data-start=\"1174\" data-end=\"1215\">enviament segur d&#8217;instruments muntats<\/strong>.<\/p>\t\t\t\t\t\t\t\t<\/div>\n\t\t\t\t\t<\/div>\n\t\t<\/div>\n\t\t\t\t\t<\/div>\n\t\t<\/section>\n\t\t\t\t<section class=\"elementor-section elementor-top-section elementor-element elementor-element-e9cdb5c qode_elementor_container_inner elementor-section-boxed elementor-section-height-default elementor-section-height-default parallax_section_no\" data-id=\"e9cdb5c\" data-element_type=\"section\" data-e-type=\"section\">\n\t\t\t\t\t\t<div class=\"elementor-container elementor-column-gap-default\">\n\t\t\t\t\t<div class=\"elementor-column elementor-col-100 elementor-top-column elementor-element elementor-element-daf8f78\" data-id=\"daf8f78\" data-element_type=\"column\" data-e-type=\"column\">\n\t\t\t<div class=\"elementor-widget-wrap elementor-element-populated\">\n\t\t\t\t\t\t<div class=\"elementor-element elementor-element-7dcdd27 elementor-widget-divider--view-line elementor-widget elementor-widget-divider\" data-id=\"7dcdd27\" data-element_type=\"widget\" data-e-type=\"widget\" data-widget_type=\"divider.default\">\n\t\t\t\t\t\t\t<div class=\"elementor-divider\">\n\t\t\t<span class=\"elementor-divider-separator\">\n\t\t\t\t\t\t<\/span>\n\t\t<\/div>\n\t\t\t\t\t\t<\/div>\n\t\t\t\t\t<\/div>\n\t\t<\/div>\n\t\t\t\t\t<\/div>\n\t\t<\/section>\n\t\t\t\t<section class=\"elementor-section elementor-top-section elementor-element elementor-element-2c1f0ab qode_elementor_container_inner elementor-section-content-middle elementor-section-boxed elementor-section-height-default elementor-section-height-default parallax_section_no\" data-id=\"2c1f0ab\" data-element_type=\"section\" data-e-type=\"section\">\n\t\t\t\t\t\t<div class=\"elementor-container elementor-column-gap-default\">\n\t\t\t\t\t<div class=\"elementor-column elementor-col-33 elementor-top-column elementor-element elementor-element-7ccb328\" data-id=\"7ccb328\" data-element_type=\"column\" data-e-type=\"column\">\n\t\t\t<div class=\"elementor-widget-wrap elementor-element-populated\">\n\t\t\t\t\t\t<div class=\"elementor-element elementor-element-99e819f elementor-widget elementor-widget-bridge_banner\" data-id=\"99e819f\" data-element_type=\"widget\" data-e-type=\"widget\" data-widget_type=\"bridge_banner.default\">\n\t\t\t\t<div class=\"elementor-widget-container\">\n\t\t\t\t\t<div class=\"qode-banner qode-banner-va-center\"><a class=\"qode-banner-link\" href=\"https:\/\/blandinegaly.com\/catalogo-instrumentos\/violines\/\" target=\"_self\"><\/a><div class=\"qode-banner-image\"><img decoding=\"async\" itemprop=\"image\" src=\"https:\/\/blandinegaly.com\/wp-content\/uploads\/2026\/03\/atelier_blandine-05.jpg\" alt=\"\" \/><\/div><div class=\"qode-banner-content\"><div class=\"qode-banner-content-inner\"><div class=\"qode-banner-text-holder\"><h5>Violins<\/h5><\/div><\/div><\/div><\/div>\t\t\t\t<\/div>\n\t\t\t\t<\/div>\n\t\t\t\t\t<\/div>\n\t\t<\/div>\n\t\t\t\t<div class=\"elementor-column elementor-col-33 elementor-top-column elementor-element elementor-element-7fe6fc0\" data-id=\"7fe6fc0\" data-element_type=\"column\" data-e-type=\"column\">\n\t\t\t<div class=\"elementor-widget-wrap elementor-element-populated\">\n\t\t\t\t\t\t<div class=\"elementor-element elementor-element-221ae37 elementor-widget elementor-widget-bridge_banner\" data-id=\"221ae37\" data-element_type=\"widget\" data-e-type=\"widget\" data-widget_type=\"bridge_banner.default\">\n\t\t\t\t<div class=\"elementor-widget-container\">\n\t\t\t\t\t<div class=\"qode-banner qode-banner-va-center\"><a class=\"qode-banner-link\" href=\"https:\/\/blandinegaly.com\/catalogo-instrumentos\/violas\/\" target=\"_self\"><\/a><div class=\"qode-banner-image\"><img decoding=\"async\" itemprop=\"image\" src=\"https:\/\/blandinegaly.com\/wp-content\/uploads\/2025\/09\/luthier_cover_3.jpg\" alt=\"\" \/><\/div><div class=\"qode-banner-content\"><div class=\"qode-banner-content-inner\"><div class=\"qode-banner-text-holder\"><h5>Violes<\/h5><\/div><\/div><\/div><\/div>\t\t\t\t<\/div>\n\t\t\t\t<\/div>\n\t\t\t\t\t<\/div>\n\t\t<\/div>\n\t\t\t\t<div class=\"elementor-column elementor-col-33 elementor-top-column elementor-element elementor-element-983ff86\" data-id=\"983ff86\" data-element_type=\"column\" data-e-type=\"column\">\n\t\t\t<div class=\"elementor-widget-wrap elementor-element-populated\">\n\t\t\t\t\t\t<div class=\"elementor-element elementor-element-eba253f elementor-widget elementor-widget-bridge_banner\" data-id=\"eba253f\" data-element_type=\"widget\" data-e-type=\"widget\" data-widget_type=\"bridge_banner.default\">\n\t\t\t\t<div class=\"elementor-widget-container\">\n\t\t\t\t\t<div class=\"qode-banner qode-banner-va-center\"><a class=\"qode-banner-link\" href=\"https:\/\/blandinegaly.com\/catalogo-instrumentos\/violonchelos\/\" target=\"_self\"><\/a><div class=\"qode-banner-image\"><img decoding=\"async\" itemprop=\"image\" src=\"https:\/\/blandinegaly.com\/wp-content\/uploads\/2025\/09\/ray-kim-CMdaXD1jV4w-unsplash.jpg\" alt=\"\" \/><\/div><div class=\"qode-banner-content\"><div class=\"qode-banner-content-inner\"><div class=\"qode-banner-text-holder\"><h5>Violoncels<\/h5><\/div><\/div><\/div><\/div>\t\t\t\t<\/div>\n\t\t\t\t<\/div>\n\t\t\t\t\t<\/div>\n\t\t<\/div>\n\t\t\t\t\t<\/div>\n\t\t<\/section>\n\t\t\t\t<\/div>\n\t\t","protected":false},"excerpt":{"rendered":"<p>Servei Fabricaci\u00f3 pr\u00f2pia de violins, violes i violoncels Som un taller de luthier dedicat a la fabricaci\u00f3 artesanal i venda de violins, violes i violoncels, aix\u00ed com de tots els accessoris relacionats amb aquests instruments. Realitzem els nostres productes per enc\u00e0rrec de manera personalitzada, utilitzant&#8230;<\/p>\n","protected":false},"author":2,"featured_media":0,"parent":854,"menu_order":0,"comment_status":"closed","ping_status":"closed","template":"full_width.php","meta":{"footnotes":""},"class_list":["post-859","page","type-page","status-publish","hentry"],"_links":{"self":[{"href":"https:\/\/blandinegaly.com\/ca\/wp-json\/wp\/v2\/pages\/859","targetHints":{"allow":["GET"]}}],"collection":[{"href":"https:\/\/blandinegaly.com\/ca\/wp-json\/wp\/v2\/pages"}],"about":[{"href":"https:\/\/blandinegaly.com\/ca\/wp-json\/wp\/v2\/types\/page"}],"author":[{"embeddable":true,"href":"https:\/\/blandinegaly.com\/ca\/wp-json\/wp\/v2\/users\/2"}],"replies":[{"embeddable":true,"href":"https:\/\/blandinegaly.com\/ca\/wp-json\/wp\/v2\/comments?post=859"}],"version-history":[{"count":1,"href":"https:\/\/blandinegaly.com\/ca\/wp-json\/wp\/v2\/pages\/859\/revisions"}],"predecessor-version":[{"id":862,"href":"https:\/\/blandinegaly.com\/ca\/wp-json\/wp\/v2\/pages\/859\/revisions\/862"}],"up":[{"embeddable":true,"href":"https:\/\/blandinegaly.com\/ca\/wp-json\/wp\/v2\/pages\/854"}],"wp:attachment":[{"href":"https:\/\/blandinegaly.com\/ca\/wp-json\/wp\/v2\/media?parent=859"}],"curies":[{"name":"wp","href":"https:\/\/api.w.org\/{rel}","templated":true}]}}