{"id":854,"date":"2025-10-03T12:13:29","date_gmt":"2025-10-03T10:13:29","guid":{"rendered":"https:\/\/blandinegaly.com\/serveis\/"},"modified":"2026-03-25T18:29:04","modified_gmt":"2026-03-25T17:29:04","slug":"serveis","status":"publish","type":"page","link":"https:\/\/blandinegaly.com\/ca\/serveis\/","title":{"rendered":"Serveis"},"content":{"rendered":"\t\t<div data-elementor-type=\"wp-page\" data-elementor-id=\"854\" class=\"elementor elementor-854 elementor-469\">\n\t\t\t\t\t\t<section class=\"elementor-section elementor-top-section elementor-element elementor-element-fbd6bea qode_elementor_container_inner botoncentro elementor-section-boxed elementor-section-height-default elementor-section-height-default parallax_section_no\" data-id=\"fbd6bea\" data-element_type=\"section\" data-e-type=\"section\">\n\t\t\t\t\t\t<div class=\"elementor-container elementor-column-gap-default\">\n\t\t\t\t\t<div class=\"elementor-column elementor-col-100 elementor-top-column elementor-element elementor-element-e3cfec9\" data-id=\"e3cfec9\" data-element_type=\"column\" data-e-type=\"column\">\n\t\t\t<div class=\"elementor-widget-wrap elementor-element-populated\">\n\t\t\t\t\t\t<div class=\"elementor-element elementor-element-52051a9 elementor-widget elementor-widget-text-editor\" data-id=\"52051a9\" data-element_type=\"widget\" data-e-type=\"widget\" data-widget_type=\"text-editor.default\">\n\t\t\t\t\t\t\t\t\t<h4 style=\"text-align: center;\">Taller de luthier a Barcelona<\/h4>\t\t\t\t\t\t\t\t<\/div>\n\t\t\t\t<div class=\"elementor-element elementor-element-92719a5 elementor-widget elementor-widget-text-editor\" data-id=\"92719a5\" data-element_type=\"widget\" data-e-type=\"widget\" data-widget_type=\"text-editor.default\">\n\t\t\t\t\t\t\t\t\t<h1 style=\"text-align: center;\">Els nostres serveis<\/h1>\t\t\t\t\t\t\t\t<\/div>\n\t\t\t\t\t<\/div>\n\t\t<\/div>\n\t\t\t\t\t<\/div>\n\t\t<\/section>\n\t\t\t\t<section class=\"elementor-section elementor-top-section elementor-element elementor-element-8b85406 qode_elementor_container_inner elementor-section-boxed elementor-section-height-default elementor-section-height-default parallax_section_no\" data-id=\"8b85406\" data-element_type=\"section\" data-e-type=\"section\">\n\t\t\t\t\t\t<div class=\"elementor-container elementor-column-gap-default\">\n\t\t\t\t\t<div class=\"elementor-column elementor-col-50 elementor-top-column elementor-element elementor-element-f407ea2\" data-id=\"f407ea2\" data-element_type=\"column\" data-e-type=\"column\">\n\t\t\t<div class=\"elementor-widget-wrap elementor-element-populated\">\n\t\t\t\t\t\t<div class=\"elementor-element elementor-element-1911dd1 elementor-widget elementor-widget-bridge_banner\" data-id=\"1911dd1\" data-element_type=\"widget\" data-e-type=\"widget\" data-widget_type=\"bridge_banner.default\">\n\t\t\t\t<div class=\"elementor-widget-container\">\n\t\t\t\t\t<div class=\"qode-banner qode-banner-va-center\"><a class=\"qode-banner-link\" href=\"https:\/\/blandinegaly.com\/servicios\/fabricacion-propia-violines-violonchelos-violas\/\" target=\"_self\"><\/a><div class=\"qode-banner-image\"><img decoding=\"async\" itemprop=\"image\" src=\"https:\/\/blandinegaly.com\/wp-content\/uploads\/2025\/09\/luthier-Galy-taller.jpg\" alt=\"\" \/><\/div><div class=\"qode-banner-content\"><div class=\"qode-banner-content-inner\"><div class=\"qode-banner-text-holder\"><h4 style=\"  padding-bottom: 9px;\">Servei<\/h4>\n<h3>Fabricaci\u00f3 pr\u00f2pia<\/h3><\/div><\/div><\/div><\/div>\t\t\t\t<\/div>\n\t\t\t\t<\/div>\n\t\t\t\t<div class=\"elementor-element elementor-element-10697c5 elementor-widget elementor-widget-text-editor\" data-id=\"10697c5\" data-element_type=\"widget\" data-e-type=\"widget\" data-widget_type=\"text-editor.default\">\n\t\t\t\t\t\t\t\t\t<p>Taller especialitzat en la fabricaci\u00f3, reparaci\u00f3 i venda de violins, violes, violoncels i violes de gamba, aix\u00ed com en el manteniment de contrabaixos, encerdat i venda d&#8217;arcs.<\/p>\t\t\t\t\t\t\t\t<\/div>\n\t\t\t\t<div class=\"elementor-element elementor-element-5fd1db1 elementor-widget elementor-widget-bridge_button\" data-id=\"5fd1db1\" data-element_type=\"widget\" data-e-type=\"widget\" data-widget_type=\"bridge_button.default\">\n\t\t\t\t<div class=\"elementor-widget-container\">\n\t\t\t\t\t<a  itemprop=\"url\" href=\"https:\/\/blandinegaly.com\/servicios\/fabricacion-propia-violines-violonchelos-violas\/\" target=\"_self\" data-hover-background-color=\"#87251A\" class=\"qbutton  small center default\" style=\"background-color:#454545;\">M\u00e9s informaci\u00f3<\/a>\t\t\t\t<\/div>\n\t\t\t\t<\/div>\n\t\t\t\t\t<\/div>\n\t\t<\/div>\n\t\t\t\t<div class=\"elementor-column elementor-col-50 elementor-top-column elementor-element elementor-element-33b4d89\" data-id=\"33b4d89\" data-element_type=\"column\" data-e-type=\"column\">\n\t\t\t<div class=\"elementor-widget-wrap elementor-element-populated\">\n\t\t\t\t\t\t<div class=\"elementor-element elementor-element-9b75d4d elementor-widget elementor-widget-bridge_banner\" data-id=\"9b75d4d\" data-element_type=\"widget\" data-e-type=\"widget\" data-widget_type=\"bridge_banner.default\">\n\t\t\t\t<div class=\"elementor-widget-container\">\n\t\t\t\t\t<div class=\"qode-banner qode-banner-va-center\"><a class=\"qode-banner-link\" href=\"https:\/\/blandinegaly.com\/servicios\/reparacion-restauracion-violines\/\" target=\"_self\"><\/a><div class=\"qode-banner-image\"><img decoding=\"async\" itemprop=\"image\" src=\"https:\/\/blandinegaly.com\/wp-content\/uploads\/2026\/03\/atelier_blandine-02.jpg\" alt=\"\" \/><\/div><div class=\"qode-banner-content\"><div class=\"qode-banner-content-inner\"><div class=\"qode-banner-text-holder\"><h4 style=\"  padding-bottom: 9px;\">Servei<\/h4>\n<h3>Reparaci\u00f3 i restauraci\u00f3<\/h3><\/div><\/div><\/div><\/div>\t\t\t\t<\/div>\n\t\t\t\t<\/div>\n\t\t\t\t<div class=\"elementor-element elementor-element-a629bb8 elementor-widget elementor-widget-text-editor\" data-id=\"a629bb8\" data-element_type=\"widget\" data-e-type=\"widget\" data-widget_type=\"text-editor.default\">\n\t\t\t\t\t\t\t\t\t<p>Realitzem tasques de reparaci\u00f3 de viol\u00ed, viola i violoncel d&#8217;alta qualitat, seguint les directrius de l&#8217;escola <a href=\"https:\/\/www.luthiers-mirecourt.com\/reparation.htm\" target=\"_blank\" rel=\"noopener\">Mirecourt<\/a>.<\/p>\t\t\t\t\t\t\t\t<\/div>\n\t\t\t\t<div class=\"elementor-element elementor-element-248c70b elementor-widget elementor-widget-bridge_button\" data-id=\"248c70b\" data-element_type=\"widget\" data-e-type=\"widget\" data-widget_type=\"bridge_button.default\">\n\t\t\t\t<div class=\"elementor-widget-container\">\n\t\t\t\t\t<a  itemprop=\"url\" href=\"https:\/\/blandinegaly.com\/servicios\/reparacion-restauracion-violines\/\" target=\"_self\" data-hover-background-color=\"#87251A\" class=\"qbutton  small center default\" style=\"background-color:#454545;\">M\u00e9s informaci\u00f3<\/a>\t\t\t\t<\/div>\n\t\t\t\t<\/div>\n\t\t\t\t\t<\/div>\n\t\t<\/div>\n\t\t\t\t\t<\/div>\n\t\t<\/section>\n\t\t\t\t<section class=\"elementor-section elementor-top-section elementor-element elementor-element-82abc42 qode_elementor_container_inner elementor-section-boxed elementor-section-height-default elementor-section-height-default parallax_section_no\" data-id=\"82abc42\" data-element_type=\"section\" data-e-type=\"section\">\n\t\t\t\t\t\t<div class=\"elementor-container elementor-column-gap-default\">\n\t\t\t\t\t<div class=\"elementor-column elementor-col-50 elementor-top-column elementor-element elementor-element-4152861\" data-id=\"4152861\" data-element_type=\"column\" data-e-type=\"column\">\n\t\t\t<div class=\"elementor-widget-wrap elementor-element-populated\">\n\t\t\t\t\t\t<div class=\"elementor-element elementor-element-e144e60 elementor-widget elementor-widget-bridge_banner\" data-id=\"e144e60\" data-element_type=\"widget\" data-e-type=\"widget\" data-widget_type=\"bridge_banner.default\">\n\t\t\t\t<div class=\"elementor-widget-container\">\n\t\t\t\t\t<div class=\"qode-banner qode-banner-va-center\"><a class=\"qode-banner-link\" href=\"https:\/\/blandinegaly.com\/servicios\/encerdadura-de-arcos\/\" target=\"_self\"><\/a><div class=\"qode-banner-image\"><img decoding=\"async\" itemprop=\"image\" src=\"https:\/\/blandinegaly.com\/wp-content\/uploads\/2025\/09\/mche-lee-QBT5O-qS0yg-unsplash.jpg\" alt=\"\" \/><\/div><div class=\"qode-banner-content\"><div class=\"qode-banner-content-inner\"><div class=\"qode-banner-text-holder\"><h4 style=\"  padding-bottom: 9px;\">Servei<\/h4>\n<h3>Encrinatge d'arcs<\/h3><\/div><\/div><\/div><\/div>\t\t\t\t<\/div>\n\t\t\t\t<\/div>\n\t\t\t\t<div class=\"elementor-element elementor-element-94767a6 elementor-widget elementor-widget-text-editor\" data-id=\"94767a6\" data-element_type=\"widget\" data-e-type=\"widget\" data-widget_type=\"text-editor.default\">\n\t\t\t\t\t\t\t\t\t<p>Realitzem encrinatge d&#8217;arcs de viol\u00ed aix\u00ed com reparacions b\u00e0siques d&#8217;arcs de violoncel, viol\u00ed i viola amb crins de Mong\u00f2lia de qualitat superior.<\/p>\t\t\t\t\t\t\t\t<\/div>\n\t\t\t\t<div class=\"elementor-element elementor-element-c5414d6 elementor-widget elementor-widget-bridge_button\" data-id=\"c5414d6\" data-element_type=\"widget\" data-e-type=\"widget\" data-widget_type=\"bridge_button.default\">\n\t\t\t\t<div class=\"elementor-widget-container\">\n\t\t\t\t\t<a  itemprop=\"url\" href=\"https:\/\/blandinegaly.com\/servicios\/encerdadura-de-arcos\/\" target=\"_self\" data-hover-background-color=\"#87251A\" class=\"qbutton  small center default\" style=\"background-color:#454545;\">M\u00e9s informaci\u00f3<\/a>\t\t\t\t<\/div>\n\t\t\t\t<\/div>\n\t\t\t\t\t<\/div>\n\t\t<\/div>\n\t\t\t\t<div class=\"elementor-column elementor-col-50 elementor-top-column elementor-element elementor-element-0e7f583\" data-id=\"0e7f583\" data-element_type=\"column\" data-e-type=\"column\">\n\t\t\t<div class=\"elementor-widget-wrap elementor-element-populated\">\n\t\t\t\t\t\t<div class=\"elementor-element elementor-element-d034dab elementor-widget elementor-widget-bridge_banner\" data-id=\"d034dab\" data-element_type=\"widget\" data-e-type=\"widget\" data-widget_type=\"bridge_banner.default\">\n\t\t\t\t<div class=\"elementor-widget-container\">\n\t\t\t\t\t<div class=\"qode-banner qode-banner-va-center\"><a class=\"qode-banner-link\" href=\"https:\/\/blandinegaly.com\/catalogo-instrumentos\/\" target=\"_self\"><\/a><div class=\"qode-banner-image\"><img decoding=\"async\" itemprop=\"image\" src=\"https:\/\/blandinegaly.com\/wp-content\/uploads\/2026\/03\/atelier_blandine-05.jpg\" alt=\"\" \/><\/div><div class=\"qode-banner-content\"><div class=\"qode-banner-content-inner\"><div class=\"qode-banner-text-holder\"><h4 style=\"  padding-bottom: 9px;\">Servei<\/h4>\n<h3>Venda d'instruments i accessoris<\/h3><\/div><\/div><\/div><\/div>\t\t\t\t<\/div>\n\t\t\t\t<\/div>\n\t\t\t\t<div class=\"elementor-element elementor-element-e9816c6 elementor-widget elementor-widget-text-editor\" data-id=\"e9816c6\" data-element_type=\"widget\" data-e-type=\"widget\" data-widget_type=\"text-editor.default\">\n\t\t\t\t\t\t\t\t\t<p>Oferim un servei personalitzat i orientat a les necessitats d&#8217;estudiants i professionals. Descobriu la selecci\u00f3 d&#8217;instruments disponibles al nostre taller. <\/p>\t\t\t\t\t\t\t\t<\/div>\n\t\t\t\t<div class=\"elementor-element elementor-element-a2480b3 elementor-widget elementor-widget-bridge_button\" data-id=\"a2480b3\" data-element_type=\"widget\" data-e-type=\"widget\" data-widget_type=\"bridge_button.default\">\n\t\t\t\t<div class=\"elementor-widget-container\">\n\t\t\t\t\t<a  itemprop=\"url\" href=\"https:\/\/blandinegaly.com\/catalogo-instrumentos\/\" target=\"_self\" data-hover-background-color=\"#87251A\" class=\"qbutton  small center default\" style=\"background-color:#454545;\">Veure cat\u00e0leg<\/a>\t\t\t\t<\/div>\n\t\t\t\t<\/div>\n\t\t\t\t\t<\/div>\n\t\t<\/div>\n\t\t\t\t\t<\/div>\n\t\t<\/section>\n\t\t\t\t<section style=\"background-image: url(https:\/\/blandinegaly.com\/wp-content\/uploads\/2025\/09\/philip-myrtorp-enFUpNQkc68-unsplash.jpg);\" class=\"parallax_section_holder elementor-section elementor-top-section elementor-element elementor-element-2858f5a elementor-section-full_width parallax_section_holder elementor-section-height-default elementor-section-height-default qode_elementor_container_no\" data-speed=\"0\" data-id=\"2858f5a\" data-element_type=\"section\" data-e-type=\"section\" data-settings=\"{&quot;qode_parallax_image&quot;:{&quot;url&quot;:&quot;https:\\\/\\\/blandinegaly.com\\\/wp-content\\\/uploads\\\/2025\\\/09\\\/philip-myrtorp-enFUpNQkc68-unsplash.jpg&quot;,&quot;id&quot;:441,&quot;size&quot;:&quot;&quot;,&quot;alt&quot;:&quot;&quot;,&quot;source&quot;:&quot;library&quot;},&quot;background_background&quot;:&quot;classic&quot;}\">\n\t\t\t\t\t\t<div class=\"elementor-container elementor-column-gap-default\">\n\t\t\t\t\t<div class=\"elementor-column elementor-col-100 elementor-top-column elementor-element elementor-element-a20289a\" data-id=\"a20289a\" data-element_type=\"column\" data-e-type=\"column\">\n\t\t\t<div class=\"elementor-widget-wrap elementor-element-populated\">\n\t\t\t\t\t\t<div class=\"elementor-element elementor-element-2c334c4 elementor-widget elementor-widget-bridge_icon\" data-id=\"2c334c4\" data-element_type=\"widget\" data-e-type=\"widget\" data-widget_type=\"bridge_icon.default\">\n\t\t\t\t<div class=\"elementor-widget-container\">\n\t\t\t\t\t<span data-type=\"normal\" data-hover-icon-color=\"#87251A\" class=\"qode_icon_shortcode  q_font_awsome_icon fa-3x pull-center \" style=\" \"><span aria-hidden=\"true\" class=\"qode_icon_font_elegant icon_quotations qode_icon_element\" style=\"color: #87251A;\" ><\/span><\/span>\t\t\t\t<\/div>\n\t\t\t\t<\/div>\n\t\t\t\t<div class=\"elementor-element elementor-element-d530351 elementor-widget elementor-widget-bridge_testimonials_carousel\" data-id=\"d530351\" data-element_type=\"widget\" data-e-type=\"widget\" data-widget_type=\"bridge_testimonials_carousel.default\">\n\t\t\t\t<div class=\"elementor-widget-container\">\n\t\t\t\t\t<div class='testimonials_c_holder clearfix '><div class=\"testimonials_c testimonials_c_carousel\" data-show-navigation=\"yes\" data-animation-speed=\"500\" data-auto-rotate-slides=\"5\" data-number-per-slide=\"1\"><ul class=\"slides\"><li id=\"testimonials-c-921\" class=\"testimonial_content\"><div class=\"testimonial_content_inner\"><div class=\"testimonial_text_holder\"><div class=\"testimonial_text_inner\" style=\"\"><p >Un luthier ho \u00e9s de per vida i vull acompanyar-vos en el vostre recorregut musical oferint-vos el millor servei. Una vegada em trobeu, podreu confiar en els meus serveis, complets i d'alt\u00edssima qualitat.<\/p><p class=\"testimonial_author\" style=\"\">Blandine Galy<\/p><\/div><\/div><\/div><\/li><\/ul><\/div><\/div>\t\t\t\t<\/div>\n\t\t\t\t<\/div>\n\t\t\t\t\t<\/div>\n\t\t<\/div>\n\t\t\t\t\t<\/div>\n\t\t<\/section>\n\t\t\t\t<\/div>\n\t\t","protected":false},"excerpt":{"rendered":"<p>Taller de luthier a Barcelona Els nostres serveis Servei Fabricaci\u00f3 pr\u00f2pia Taller especialitzat en la fabricaci\u00f3, reparaci\u00f3 i venda de violins, violes, violoncels i violes de gamba, aix\u00ed com en el manteniment de contrabaixos, encerdat i venda d&#8217;arcs. M\u00e9s informaci\u00f3 Servei Reparaci\u00f3 i restauraci\u00f3 Realitzem&#8230;<\/p>\n","protected":false},"author":2,"featured_media":0,"parent":0,"menu_order":0,"comment_status":"closed","ping_status":"closed","template":"full_width.php","meta":{"footnotes":""},"class_list":["post-854","page","type-page","status-publish","hentry"],"_links":{"self":[{"href":"https:\/\/blandinegaly.com\/ca\/wp-json\/wp\/v2\/pages\/854","targetHints":{"allow":["GET"]}}],"collection":[{"href":"https:\/\/blandinegaly.com\/ca\/wp-json\/wp\/v2\/pages"}],"about":[{"href":"https:\/\/blandinegaly.com\/ca\/wp-json\/wp\/v2\/types\/page"}],"author":[{"embeddable":true,"href":"https:\/\/blandinegaly.com\/ca\/wp-json\/wp\/v2\/users\/2"}],"replies":[{"embeddable":true,"href":"https:\/\/blandinegaly.com\/ca\/wp-json\/wp\/v2\/comments?post=854"}],"version-history":[{"count":1,"href":"https:\/\/blandinegaly.com\/ca\/wp-json\/wp\/v2\/pages\/854\/revisions"}],"predecessor-version":[{"id":855,"href":"https:\/\/blandinegaly.com\/ca\/wp-json\/wp\/v2\/pages\/854\/revisions\/855"}],"wp:attachment":[{"href":"https:\/\/blandinegaly.com\/ca\/wp-json\/wp\/v2\/media?parent=854"}],"curies":[{"name":"wp","href":"https:\/\/api.w.org\/{rel}","templated":true}]}}